{"id":8961,"date":"2018-02-14T09:47:40","date_gmt":"2018-02-14T08:47:40","guid":{"rendered":"https:\/\/www.fincajohanna.com\/presse\/"},"modified":"2018-02-14T09:47:40","modified_gmt":"2018-02-14T08:47:40","slug":"presse","status":"publish","type":"page","link":"https:\/\/www.fincajohanna.com\/nl\/presse\/","title":{"rendered":"Presse"},"content":{"rendered":"<p>In der Presse: Naturisme Magazine Februar-M\u00e4rz 2016. Johanna und Laurent sind Naturisten und haben im Juli 2015 ihr FKK-G\u00e4stehaus in Andalusien er\u00f6ffnet.<\/p>\n","protected":false},"excerpt":{"rendered":"<p>In der Presse: Naturisme Magazine Februar-M\u00e4rz 2016. Johanna und Laurent sind Naturisten und haben im Juli 2015 ihr FKK-G\u00e4stehaus in Andalusien er\u00f6ffnet.<\/p>\n","protected":false},"author":1,"featured_media":0,"parent":0,"menu_order":9,"comment_status":"closed","ping_status":"closed","template":"","meta":{"jetpack_post_was_ever_published":false,"footnotes":""},"yoast_head":"<!-- This site is optimized with the Yoast SEO plugin v24.5 - https:\/\/yoast.com\/wordpress\/plugins\/seo\/ -->\n<title>Presse - Finca Johanna<\/title>\n<meta name=\"robots\" content=\"index, follow, max-snippet:-1, max-image-preview:large, max-video-preview:-1\" \/>\n<link rel=\"canonical\" href=\"https:\/\/www.fincajohanna.com\/nl\/presse\/\" \/>\n<meta property=\"og:locale\" content=\"nl_NL\" \/>\n<meta property=\"og:type\" content=\"article\" \/>\n<meta property=\"og:title\" content=\"Presse - Finca Johanna\" \/>\n<meta property=\"og:description\" content=\"In der Presse: Naturisme Magazine Februar-M\u00e4rz 2016. Johanna und Laurent sind Naturisten und haben im Juli 2015 ihr FKK-G\u00e4stehaus in Andalusien er\u00f6ffnet.\" \/>\n<meta property=\"og:url\" content=\"https:\/\/www.fincajohanna.com\/nl\/presse\/\" \/>\n<meta property=\"og:site_name\" content=\"Finca Johanna\" \/>\n<meta property=\"article:publisher\" content=\"https:\/\/www.facebook.com\/proyecto.malaga.natura?fref=ts\" \/>\n<script type=\"application\/ld+json\" class=\"yoast-schema-graph\">{\"@context\":\"https:\/\/schema.org\",\"@graph\":[{\"@type\":\"WebPage\",\"@id\":\"https:\/\/www.fincajohanna.com\/nl\/presse\/\",\"url\":\"https:\/\/www.fincajohanna.com\/nl\/presse\/\",\"name\":\"Presse - Finca Johanna\",\"isPartOf\":{\"@id\":\"https:\/\/www.fincajohanna.com\/de\/#website\"},\"datePublished\":\"2018-02-14T08:47:40+00:00\",\"breadcrumb\":{\"@id\":\"https:\/\/www.fincajohanna.com\/nl\/presse\/#breadcrumb\"},\"inLanguage\":\"nl-NL\",\"potentialAction\":[{\"@type\":\"ReadAction\",\"target\":[\"https:\/\/www.fincajohanna.com\/nl\/presse\/\"]}]},{\"@type\":\"BreadcrumbList\",\"@id\":\"https:\/\/www.fincajohanna.com\/nl\/presse\/#breadcrumb\",\"itemListElement\":[{\"@type\":\"ListItem\",\"position\":1,\"name\":\"Accueil\",\"item\":\"https:\/\/www.fincajohanna.com\/nl\/\"},{\"@type\":\"ListItem\",\"position\":2,\"name\":\"Presse\"}]},{\"@type\":\"WebSite\",\"@id\":\"https:\/\/www.fincajohanna.com\/de\/#website\",\"url\":\"https:\/\/www.fincajohanna.com\/de\/\",\"name\":\"Finca Johanna\",\"description\":\"Naturist Guest house in Andalusia\",\"publisher\":{\"@id\":\"https:\/\/www.fincajohanna.com\/de\/#organization\"},\"potentialAction\":[{\"@type\":\"SearchAction\",\"target\":{\"@type\":\"EntryPoint\",\"urlTemplate\":\"https:\/\/www.fincajohanna.com\/de\/?s={search_term_string}\"},\"query-input\":{\"@type\":\"PropertyValueSpecification\",\"valueRequired\":true,\"valueName\":\"search_term_string\"}}],\"inLanguage\":\"nl-NL\"},{\"@type\":\"Organization\",\"@id\":\"https:\/\/www.fincajohanna.com\/de\/#organization\",\"name\":\"Finca Johanna\",\"url\":\"https:\/\/www.fincajohanna.com\/de\/\",\"logo\":{\"@type\":\"ImageObject\",\"inLanguage\":\"nl-NL\",\"@id\":\"https:\/\/www.fincajohanna.com\/de\/#\/schema\/logo\/image\/\",\"url\":\"https:\/\/www.fincajohanna.com\/wp-content\/uploads\/2020\/04\/cropped-headerO.png\",\"contentUrl\":\"https:\/\/www.fincajohanna.com\/wp-content\/uploads\/2020\/04\/cropped-headerO.png\",\"width\":989,\"height\":446,\"caption\":\"Finca Johanna\"},\"image\":{\"@id\":\"https:\/\/www.fincajohanna.com\/de\/#\/schema\/logo\/image\/\"},\"sameAs\":[\"https:\/\/www.facebook.com\/proyecto.malaga.natura?fref=ts\",\"https:\/\/x.com\/fincajohanna\"]}]}<\/script>\n<!-- \/ Yoast SEO plugin. -->","yoast_head_json":{"title":"Presse - Finca Johanna","robots":{"index":"index","follow":"follow","max-snippet":"max-snippet:-1","max-image-preview":"max-image-preview:large","max-video-preview":"max-video-preview:-1"},"canonical":"https:\/\/www.fincajohanna.com\/nl\/presse\/","og_locale":"nl_NL","og_type":"article","og_title":"Presse - Finca Johanna","og_description":"In der Presse: Naturisme Magazine Februar-M\u00e4rz 2016. Johanna und Laurent sind Naturisten und haben im Juli 2015 ihr FKK-G\u00e4stehaus in Andalusien er\u00f6ffnet.","og_url":"https:\/\/www.fincajohanna.com\/nl\/presse\/","og_site_name":"Finca Johanna","article_publisher":"https:\/\/www.facebook.com\/proyecto.malaga.natura?fref=ts","schema":{"@context":"https:\/\/schema.org","@graph":[{"@type":"WebPage","@id":"https:\/\/www.fincajohanna.com\/nl\/presse\/","url":"https:\/\/www.fincajohanna.com\/nl\/presse\/","name":"Presse - Finca Johanna","isPartOf":{"@id":"https:\/\/www.fincajohanna.com\/de\/#website"},"datePublished":"2018-02-14T08:47:40+00:00","breadcrumb":{"@id":"https:\/\/www.fincajohanna.com\/nl\/presse\/#breadcrumb"},"inLanguage":"nl-NL","potentialAction":[{"@type":"ReadAction","target":["https:\/\/www.fincajohanna.com\/nl\/presse\/"]}]},{"@type":"BreadcrumbList","@id":"https:\/\/www.fincajohanna.com\/nl\/presse\/#breadcrumb","itemListElement":[{"@type":"ListItem","position":1,"name":"Accueil","item":"https:\/\/www.fincajohanna.com\/nl\/"},{"@type":"ListItem","position":2,"name":"Presse"}]},{"@type":"WebSite","@id":"https:\/\/www.fincajohanna.com\/de\/#website","url":"https:\/\/www.fincajohanna.com\/de\/","name":"Finca Johanna","description":"Naturist Guest house in Andalusia","publisher":{"@id":"https:\/\/www.fincajohanna.com\/de\/#organization"},"potentialAction":[{"@type":"SearchAction","target":{"@type":"EntryPoint","urlTemplate":"https:\/\/www.fincajohanna.com\/de\/?s={search_term_string}"},"query-input":{"@type":"PropertyValueSpecification","valueRequired":true,"valueName":"search_term_string"}}],"inLanguage":"nl-NL"},{"@type":"Organization","@id":"https:\/\/www.fincajohanna.com\/de\/#organization","name":"Finca Johanna","url":"https:\/\/www.fincajohanna.com\/de\/","logo":{"@type":"ImageObject","inLanguage":"nl-NL","@id":"https:\/\/www.fincajohanna.com\/de\/#\/schema\/logo\/image\/","url":"https:\/\/www.fincajohanna.com\/wp-content\/uploads\/2020\/04\/cropped-headerO.png","contentUrl":"https:\/\/www.fincajohanna.com\/wp-content\/uploads\/2020\/04\/cropped-headerO.png","width":989,"height":446,"caption":"Finca Johanna"},"image":{"@id":"https:\/\/www.fincajohanna.com\/de\/#\/schema\/logo\/image\/"},"sameAs":["https:\/\/www.facebook.com\/proyecto.malaga.natura?fref=ts","https:\/\/x.com\/fincajohanna"]}]}},"jetpack_sharing_enabled":true,"_links":{"self":[{"href":"https:\/\/www.fincajohanna.com\/nl\/wp-json\/wp\/v2\/pages\/8961"}],"collection":[{"href":"https:\/\/www.fincajohanna.com\/nl\/wp-json\/wp\/v2\/pages"}],"about":[{"href":"https:\/\/www.fincajohanna.com\/nl\/wp-json\/wp\/v2\/types\/page"}],"author":[{"embeddable":true,"href":"https:\/\/www.fincajohanna.com\/nl\/wp-json\/wp\/v2\/users\/1"}],"replies":[{"embeddable":true,"href":"https:\/\/www.fincajohanna.com\/nl\/wp-json\/wp\/v2\/comments?post=8961"}],"version-history":[{"count":0,"href":"https:\/\/www.fincajohanna.com\/nl\/wp-json\/wp\/v2\/pages\/8961\/revisions"}],"wp:attachment":[{"href":"https:\/\/www.fincajohanna.com\/nl\/wp-json\/wp\/v2\/media?parent=8961"}],"curies":[{"name":"wp","href":"https:\/\/api.w.org\/{rel}","templated":true}]}}