{"id":3079,"date":"2015-03-24T15:14:49","date_gmt":"2015-03-24T14:14:49","guid":{"rendered":"http:\/\/www.fincajohanna.com\/es\/?page_id=3079"},"modified":"2024-11-28T11:51:10","modified_gmt":"2024-11-28T10:51:10","slug":"sites-amis","status":"publish","type":"page","link":"https:\/\/www.fincajohanna.com\/es\/sites-amis\/","title":{"rendered":"Enlaces"},"content":{"rendered":"\n<h2 class=\"wp-block-heading\">Aqu\u00ed tiene algunos enlaces a sitios web amigos que comparten nuestros valores. <\/h2>\n\n\n\n<h2 class=\"wp-block-heading\">\u00a1Disfrute de su visita!<\/h2>\n\n\n\n<p><strong>Federaci\u00f3n Internacional de Naturismo<\/strong><\/p>\n\n\n\n<figure class=\"wp-block-image\"><a href=\"https:\/\/www.inf-fni.org\/Home\/Clubs-Resorts\/Europe\/Spain\/Finca-Johanna-Accredited\" target=\"_blank\" rel=\"noopener noreferrer\"><img loading=\"lazy\" decoding=\"async\" width=\"456\" height=\"456\" src=\"https:\/\/www.fincajohanna.com\/wp-content\/uploads\/2015\/03\/INF_Logo_current.gif\" alt=\"\" class=\"wp-image-4756\"\/><\/a><\/figure>\n\n\n\n<p><strong>Federaci\u00f3n Espa\u00f1ola de Naturismo<\/strong><\/p>\n\n\n\n<figure class=\"wp-block-image\"><a href=\"http:\/\/www.naturismo.org\/\" target=\"_blank\" rel=\"noopener noreferrer\"><img decoding=\"async\" src=\"http:\/\/www.fincajohanna.com\/wp-content\/uploads\/2015\/03\/logo-fen.jpe\" alt=\"sites amis logo fen\" class=\"wp-image-1869\"\/><\/a><\/figure>\n\n\n\n<p><strong>Uni\u00f3n Naturista Suiza<\/strong><\/p>\n\n\n\n<figure class=\"wp-block-image size-full\"><a href=\"https:\/\/www.snu-uns.com\/\" target=\"_blank\" rel=\"https:\/\/www.snu-uns.com\/ noopener\"><img loading=\"lazy\" decoding=\"async\" width=\"639\" height=\"631\" src=\"https:\/\/www.fincajohanna.com\/wp-content\/uploads\/2023\/03\/fede-suisse.jpg\" alt=\"\" class=\"wp-image-8784\" srcset=\"https:\/\/www.fincajohanna.com\/wp-content\/uploads\/2023\/03\/fede-suisse.jpg 639w, https:\/\/www.fincajohanna.com\/wp-content\/uploads\/2023\/03\/fede-suisse-300x296.jpg 300w\" sizes=\"(max-width: 639px) 100vw, 639px\" \/><\/a><\/figure>\n\n\n\n<p><strong>Federaci\u00f3n francesa de naturismo<\/strong><\/p>\n\n\n\n<figure class=\"wp-block-image\"><a href=\"https:\/\/ffn-naturisme.com\/espagne-2\/\" target=\"_blank\" rel=\"noopener noreferrer\"><img loading=\"lazy\" decoding=\"async\" width=\"1024\" height=\"724\" src=\"https:\/\/www.fincajohanna.com\/wp-content\/uploads\/2020\/02\/logo-FFN-OK-1.jpg\" alt=\"\" class=\"wp-image-6747\" srcset=\"https:\/\/www.fincajohanna.com\/wp-content\/uploads\/2020\/02\/logo-FFN-OK-1.jpg 1024w, https:\/\/www.fincajohanna.com\/wp-content\/uploads\/2020\/02\/logo-FFN-OK-1-300x212.jpg 300w, https:\/\/www.fincajohanna.com\/wp-content\/uploads\/2020\/02\/logo-FFN-OK-1-768x543.jpg 768w, https:\/\/www.fincajohanna.com\/wp-content\/uploads\/2020\/02\/logo-FFN-OK-1-624x441.jpg 624w\" sizes=\"(max-width: 1024px) 100vw, 1024px\" \/><\/a><\/figure>\n\n\n\n<p><strong>Jardin d&#8217;O, un peque\u00f1o para\u00edso naturista en el Caribe, en la isla de San Mart\u00edn<\/strong><\/p>\n\n\n\n<figure class=\"wp-block-image size-full\"><a href=\"https:\/\/www.nude-clothing-optional-caribbean.com\/spain\/\" target=\"_blank\" rel=\"noreferrer noopener\"><img loading=\"lazy\" decoding=\"async\" width=\"158\" height=\"130\" data-attachment-id=\"9598\" data-permalink=\"https:\/\/www.fincajohanna.com\/es\/logo-jardin-do-2\/\" data-orig-file=\"https:\/\/www.fincajohanna.com\/wp-content\/uploads\/2024\/11\/logo-jardin-do.png\" data-orig-size=\"158,130\" data-comments-opened=\"0\" data-image-meta=\"{&quot;aperture&quot;:&quot;0&quot;,&quot;credit&quot;:&quot;&quot;,&quot;camera&quot;:&quot;&quot;,&quot;caption&quot;:&quot;&quot;,&quot;created_timestamp&quot;:&quot;0&quot;,&quot;copyright&quot;:&quot;&quot;,&quot;focal_length&quot;:&quot;0&quot;,&quot;iso&quot;:&quot;0&quot;,&quot;shutter_speed&quot;:&quot;0&quot;,&quot;title&quot;:&quot;&quot;,&quot;orientation&quot;:&quot;0&quot;}\" data-image-title=\"logo jardin do\" data-image-description=\"\" data-image-caption=\"\" data-medium-file=\"https:\/\/www.fincajohanna.com\/wp-content\/uploads\/2024\/11\/logo-jardin-do.png\" data-large-file=\"https:\/\/www.fincajohanna.com\/wp-content\/uploads\/2024\/11\/logo-jardin-do.png\" src=\"https:\/\/www.fincajohanna.com\/wp-content\/uploads\/2024\/11\/logo-jardin-do.png\" alt=\"\" class=\"wp-image-9598\"\/><\/a><\/figure>\n\n\n\n<p><strong>Asociaci\u00f3n Naturista de Par\u00eds<\/strong><\/p>\n\n\n\n<figure class=\"wp-block-image size-full\"><a href=\"https:\/\/naturistes-paris.fr\/\" target=\"_blank\" rel=\"noopener noreferrer\"><img loading=\"lazy\" decoding=\"async\" width=\"225\" height=\"225\" src=\"https:\/\/www.fincajohanna.com\/wp-content\/uploads\/2023\/03\/logo-anp.jpg\" alt=\"\" class=\"wp-image-8799\" srcset=\"https:\/\/www.fincajohanna.com\/wp-content\/uploads\/2023\/03\/logo-anp.jpg 225w, https:\/\/www.fincajohanna.com\/wp-content\/uploads\/2023\/03\/logo-anp-150x150.jpg 150w\" sizes=\"(max-width: 225px) 100vw, 225px\" \/><\/a><\/figure>\n\n\n\n<p><strong>AANUMA, Asociaci\u00f3n Madrile\u00f1a de Amigos del Naturismo<\/strong><\/p>\n\n\n\n<figure class=\"wp-block-image\"><a href=\"http:\/\/aanuma.org\/wordpress\/\" target=\"_blank\" rel=\"noopener noreferrer\"><img loading=\"lazy\" decoding=\"async\" width=\"113\" height=\"168\" src=\"http:\/\/www.fincajohanna.com\/wp-content\/uploads\/2020\/02\/logo-aanuma.jpg\" alt=\"\" class=\"wp-image-6731\"\/><\/a><\/figure>\n\n\n\n<p><strong>ANNA, l&#8217;Association de Naturisme-Nudisme d&#8217;Andalousie<\/strong><\/p>\n\n\n\n<figure class=\"wp-block-image\"><a href=\"http:\/\/anna-nudismo.es\/\" target=\"_blank\" rel=\"noopener noreferrer\"><img decoding=\"async\" src=\"http:\/\/www.fincajohanna.com\/wp-content\/uploads\/2015\/03\/t\u00e9l\u00e9chargement-150x150.jpe\" alt=\"sites amis logo anna naturismo andalucia\" class=\"wp-image-1874\"\/><\/a><\/figure>\n\n\n\n<p><strong>ANNA, Asociaci\u00f3n Naturismo-Nudismo de Andaluc\u00eda<\/strong><\/p>\n\n\n\n<figure class=\"wp-block-image\"><a href=\"https:\/\/blootkompas.nl\/locaties\/finca-johanna\/\" target=\"_blank\" rel=\"noopener noreferrer\"><img decoding=\"async\" src=\"http:\/\/www.fincajohanna.com\/wp-content\/uploads\/2015\/03\/Logo_NFN_online-150x150.jpg\" alt=\"Logo_NFN_online\" class=\"wp-image-3255\"\/><\/a><\/figure>\n\n\n\n<p><strong>Federaci\u00f3n belga de naturismo<\/strong><\/p>\n\n\n\n<figure class=\"wp-block-image\"><a href=\"https:\/\/fra.naturisme.be\/finca-johanna\/\" target=\"_blank\" rel=\"attachment wp-att-3193 noopener noreferrer\"><img loading=\"lazy\" decoding=\"async\" width=\"150\" height=\"150\" src=\"https:\/\/www.fincajohanna.com\/wp-content\/uploads\/2015\/03\/LogoFBN-150x150.jpg\" alt=\"\" class=\"wp-image-4461\"\/><\/a><\/figure>\n\n\n\n<p><strong>Pensamientos al Viento, asociaci\u00f3n naturista en Portugal<\/strong><\/p>\n\n\n\n<figure class=\"wp-block-image\"><a href=\"https:\/\/www.pensamentos-ao-vento.pt\/\" target=\"_blank\" rel=\"noopener noreferrer\"><img loading=\"lazy\" decoding=\"async\" width=\"300\" height=\"235\" src=\"https:\/\/www.fincajohanna.com\/wp-content\/uploads\/2019\/12\/logo-asso-portugaise-300x235.png\" alt=\"\" class=\"wp-image-6636\" srcset=\"https:\/\/www.fincajohanna.com\/wp-content\/uploads\/2019\/12\/logo-asso-portugaise-300x235.png 300w, https:\/\/www.fincajohanna.com\/wp-content\/uploads\/2019\/12\/logo-asso-portugaise-768x603.png 768w, https:\/\/www.fincajohanna.com\/wp-content\/uploads\/2019\/12\/logo-asso-portugaise-1024x804.png 1024w, https:\/\/www.fincajohanna.com\/wp-content\/uploads\/2019\/12\/logo-asso-portugaise-624x490.png 624w, https:\/\/www.fincajohanna.com\/wp-content\/uploads\/2019\/12\/logo-asso-portugaise.png 1920w\" sizes=\"(max-width: 300px) 100vw, 300px\" \/><\/a><\/figure>\n\n\n\n<p><strong>\u00c2me naturiste, asociaci\u00f3n naturista en Portugal<\/strong><\/p>\n\n\n\n<figure class=\"wp-block-image size-full\"><a href=\"https:\/\/www.almanaturista.pt\/\" target=\"_blank\" rel=\"noreferrer noopener\"><img decoding=\"async\" src=\"https:\/\/www.fincajohanna.com\/wp-content\/uploads\/2024\/02\/alma2.jpg\" alt=\"\" class=\"wp-image-8900\"\/><\/a><\/figure>\n\n\n\n<p><strong>Historia de Levante, una isla sin igual<\/strong><\/p>\n\n\n\n<figure class=\"wp-block-image\"><a href=\"http:\/\/www.iledulevanthodie.fr\/\" target=\"_blank\" rel=\"noopener noreferrer\"><img decoding=\"async\" src=\"http:\/\/www.fincajohanna.com\/wp-content\/uploads\/2015\/03\/heliopolis-150x150.jpe\" alt=\"heliopolis livre de Fred Capoulade\" class=\"wp-image-1879\"\/><\/a><\/figure>\n\n\n\n<p><strong><a href=\"Benalnatura: una de nuestras playas naturistas favoritas de Andaluc\u00eda\">Benalnatura : l&#8217;une de nos plages naturistes pr\u00e9f\u00e9r\u00e9es en Andalousie<\/a><\/strong><\/p>\n\n\n\n<figure class=\"wp-block-image\"><a href=\"http:\/\/www.benalnatura.com\/\" target=\"_blank\" rel=\"noopener noreferrer\"><img decoding=\"async\" src=\"http:\/\/www.fincajohanna.com\/wp-content\/uploads\/2015\/03\/7236751222_534ef79997-150x150.jpg\" alt=\"sites amis panneau plage Benalnatura\" class=\"wp-image-1884\"\/><\/a><\/figure>\n\n\n\n<p><strong>Federaci\u00f3n Portuguesa de Naturismo<\/strong><\/p>\n\n\n\n<figure class=\"wp-block-image\"><a href=\"http:\/\/www.fpn.pt\/\" target=\"_blank\" rel=\"noopener noreferrer\"><img decoding=\"async\" src=\"http:\/\/www.fincajohanna.com\/wp-content\/uploads\/2016\/04\/fpn-512-tt-150x150.jpg\" alt=\"fpn 512 tt\" class=\"wp-image-3432\"\/><\/a><\/figure>\n\n\n\n<p><strong><a href=\"Athena: asociaci\u00f3n y revista naturista belga\">Athena : Association et Revue de naturisme belge<\/a><\/strong><\/p>\n\n\n\n<figure class=\"wp-block-image size-full\"><a href=\"https:\/\/naturisme-athena.org\/fr\/\" target=\"_blank\" rel=\"attachment wp-att-2500 noopener noreferrer\"><img loading=\"lazy\" decoding=\"async\" width=\"438\" height=\"115\" src=\"https:\/\/www.fincajohanna.com\/wp-content\/uploads\/2023\/03\/logo-athena.png\" alt=\"\" class=\"wp-image-8805\" srcset=\"https:\/\/www.fincajohanna.com\/wp-content\/uploads\/2023\/03\/logo-athena.png 438w, https:\/\/www.fincajohanna.com\/wp-content\/uploads\/2023\/03\/logo-athena-300x79.png 300w\" sizes=\"(max-width: 438px) 100vw, 438px\" \/><\/a><\/figure>\n\n\n\n<p><strong>Blog Naturim accommodation UK<\/strong><\/p>\n\n\n\n<figure class=\"wp-block-image\"><a href=\"https:\/\/clothesareoptional.wordpress.com\/\" target=\"_blank\" rel=\"attachment wp-att-2495 noopener noreferrer\"><img decoding=\"async\" src=\"http:\/\/www.fincajohanna.com\/wp-content\/uploads\/2015\/03\/naconame_200x200-150x150.jpg\" alt=\"naconame_200x200\" class=\"wp-image-2495\"\/><\/a><\/figure>\n\n\n\n<p><strong>Asociaci\u00f3n Naturista de Lanzarote, Islas Canarias<\/strong><\/p>\n\n\n\n<figure class=\"wp-block-image\"><a href=\"http:\/\/www.anl-naturismo.org\/\" target=\"_blank\" rel=\"noopener noreferrer\"><img decoding=\"async\" src=\"http:\/\/www.fincajohanna.com\/wp-content\/uploads\/2015\/03\/photo-150x150.png\" alt=\"photo\" class=\"wp-image-2504\"\/><\/a><\/figure>\n\n\n\n<p><strong>AAPNC, la Asociaci\u00f3n de Amigos de la playa naturista de Cantarrijan<\/strong><\/p>\n\n\n\n<figure class=\"wp-block-image size-full\"><img loading=\"lazy\" decoding=\"async\" width=\"364\" height=\"138\" src=\"https:\/\/www.fincajohanna.com\/wp-content\/uploads\/2023\/03\/aapnc.png\" alt=\"\" class=\"wp-image-8813\" srcset=\"https:\/\/www.fincajohanna.com\/wp-content\/uploads\/2023\/03\/aapnc.png 364w, https:\/\/www.fincajohanna.com\/wp-content\/uploads\/2023\/03\/aapnc-300x114.png 300w\" sizes=\"(max-width: 364px) 100vw, 364px\" \/><\/figure>\n","protected":false},"excerpt":{"rendered":"<p>Aqu\u00ed tiene algunos enlaces a sitios web amigos que comparten nuestros valores. \u00a1Disfrute de su visita! Federaci\u00f3n Internacional de Naturismo Federaci\u00f3n Espa\u00f1ola de Naturismo Uni\u00f3n Naturista Suiza Federaci\u00f3n francesa de naturismo Jardin d&#8217;O, un peque\u00f1o para\u00edso naturista en el Caribe, en la isla de San Mart\u00edn Asociaci\u00f3n Naturista de Par\u00eds AANUMA, Asociaci\u00f3n Madrile\u00f1a de Amigos [&hellip;]<\/p>\n","protected":false},"author":1,"featured_media":0,"parent":0,"menu_order":7,"comment_status":"closed","ping_status":"closed","template":"","meta":{"jetpack_post_was_ever_published":false,"footnotes":""},"yoast_head":"<!-- This site is optimized with the Yoast SEO plugin v24.5 - https:\/\/yoast.com\/wordpress\/plugins\/seo\/ -->\n<title>Sites amis - Chambre d&#039;h\u00f4tes naturiste en Andalousie - Finca johanna<\/title>\n<meta name=\"description\" content=\"Nos sites amis: Ile du Levant. F\u00e9d\u00e9ration espagnole du naturisme, plages naturistes en Andalousie: Benalnatura et Guadalmar.\" \/>\n<meta name=\"robots\" content=\"index, follow, max-snippet:-1, max-image-preview:large, max-video-preview:-1\" \/>\n<link rel=\"canonical\" href=\"https:\/\/www.fincajohanna.com\/es\/sites-amis\/\" \/>\n<meta property=\"og:locale\" content=\"es_ES\" \/>\n<meta property=\"og:type\" content=\"article\" \/>\n<meta property=\"og:title\" content=\"Sites amis - Chambre d&#039;h\u00f4tes naturiste en Andalousie - Finca johanna\" \/>\n<meta property=\"og:description\" content=\"Nos sites amis: Ile du Levant. F\u00e9d\u00e9ration espagnole du naturisme, plages naturistes en Andalousie: Benalnatura et Guadalmar.\" \/>\n<meta property=\"og:url\" content=\"https:\/\/www.fincajohanna.com\/es\/sites-amis\/\" \/>\n<meta property=\"og:site_name\" content=\"Finca Johanna\" \/>\n<meta property=\"article:publisher\" content=\"https:\/\/www.facebook.com\/proyecto.malaga.natura?fref=ts\" \/>\n<meta property=\"article:modified_time\" content=\"2024-11-28T10:51:10+00:00\" \/>\n<meta property=\"og:image\" content=\"https:\/\/www.fincajohanna.com\/wp-content\/uploads\/2015\/03\/INF_Logo_current.gif\" \/>\n\t<meta property=\"og:image:width\" content=\"456\" \/>\n\t<meta property=\"og:image:height\" content=\"456\" \/>\n\t<meta property=\"og:image:type\" content=\"image\/gif\" \/>\n<meta name=\"twitter:label1\" content=\"Tiempo de lectura\" \/>\n\t<meta name=\"twitter:data1\" content=\"5 minutos\" \/>\n<script type=\"application\/ld+json\" class=\"yoast-schema-graph\">{\"@context\":\"https:\/\/schema.org\",\"@graph\":[{\"@type\":\"WebPage\",\"@id\":\"https:\/\/www.fincajohanna.com\/es\/sites-amis\/\",\"url\":\"https:\/\/www.fincajohanna.com\/es\/sites-amis\/\",\"name\":\"Sites amis - Chambre d'h\u00f4tes naturiste en Andalousie - Finca johanna\",\"isPartOf\":{\"@id\":\"https:\/\/www.fincajohanna.com\/de\/#website\"},\"primaryImageOfPage\":{\"@id\":\"https:\/\/www.fincajohanna.com\/es\/sites-amis\/#primaryimage\"},\"image\":{\"@id\":\"https:\/\/www.fincajohanna.com\/es\/sites-amis\/#primaryimage\"},\"thumbnailUrl\":\"https:\/\/www.fincajohanna.com\/wp-content\/uploads\/2015\/03\/INF_Logo_current.gif\",\"datePublished\":\"2015-03-24T14:14:49+00:00\",\"dateModified\":\"2024-11-28T10:51:10+00:00\",\"description\":\"Nos sites amis: Ile du Levant. F\u00e9d\u00e9ration espagnole du naturisme, plages naturistes en Andalousie: Benalnatura et Guadalmar.\",\"breadcrumb\":{\"@id\":\"https:\/\/www.fincajohanna.com\/es\/sites-amis\/#breadcrumb\"},\"inLanguage\":\"es\",\"potentialAction\":[{\"@type\":\"ReadAction\",\"target\":[\"https:\/\/www.fincajohanna.com\/es\/sites-amis\/\"]}]},{\"@type\":\"ImageObject\",\"inLanguage\":\"es\",\"@id\":\"https:\/\/www.fincajohanna.com\/es\/sites-amis\/#primaryimage\",\"url\":\"https:\/\/www.fincajohanna.com\/wp-content\/uploads\/2015\/03\/INF_Logo_current.gif\",\"contentUrl\":\"https:\/\/www.fincajohanna.com\/wp-content\/uploads\/2015\/03\/INF_Logo_current.gif\"},{\"@type\":\"BreadcrumbList\",\"@id\":\"https:\/\/www.fincajohanna.com\/es\/sites-amis\/#breadcrumb\",\"itemListElement\":[{\"@type\":\"ListItem\",\"position\":1,\"name\":\"Accueil\",\"item\":\"https:\/\/www.fincajohanna.com\/es\/\"},{\"@type\":\"ListItem\",\"position\":2,\"name\":\"Enlaces\"}]},{\"@type\":\"WebSite\",\"@id\":\"https:\/\/www.fincajohanna.com\/de\/#website\",\"url\":\"https:\/\/www.fincajohanna.com\/de\/\",\"name\":\"Finca Johanna\",\"description\":\"Casa de hu\u00e9spedes naturista en Andaluc\u00eda\",\"publisher\":{\"@id\":\"https:\/\/www.fincajohanna.com\/de\/#organization\"},\"potentialAction\":[{\"@type\":\"SearchAction\",\"target\":{\"@type\":\"EntryPoint\",\"urlTemplate\":\"https:\/\/www.fincajohanna.com\/de\/?s={search_term_string}\"},\"query-input\":{\"@type\":\"PropertyValueSpecification\",\"valueRequired\":true,\"valueName\":\"search_term_string\"}}],\"inLanguage\":\"es\"},{\"@type\":\"Organization\",\"@id\":\"https:\/\/www.fincajohanna.com\/de\/#organization\",\"name\":\"Finca Johanna\",\"url\":\"https:\/\/www.fincajohanna.com\/de\/\",\"logo\":{\"@type\":\"ImageObject\",\"inLanguage\":\"es\",\"@id\":\"https:\/\/www.fincajohanna.com\/de\/#\/schema\/logo\/image\/\",\"url\":\"https:\/\/www.fincajohanna.com\/wp-content\/uploads\/2020\/04\/cropped-headerO.png\",\"contentUrl\":\"https:\/\/www.fincajohanna.com\/wp-content\/uploads\/2020\/04\/cropped-headerO.png\",\"width\":989,\"height\":446,\"caption\":\"Finca Johanna\"},\"image\":{\"@id\":\"https:\/\/www.fincajohanna.com\/de\/#\/schema\/logo\/image\/\"},\"sameAs\":[\"https:\/\/www.facebook.com\/proyecto.malaga.natura?fref=ts\",\"https:\/\/x.com\/fincajohanna\"]}]}<\/script>\n<!-- \/ Yoast SEO plugin. -->","yoast_head_json":{"title":"Sites amis - Chambre d'h\u00f4tes naturiste en Andalousie - Finca johanna","description":"Nos sites amis: Ile du Levant. F\u00e9d\u00e9ration espagnole du naturisme, plages naturistes en Andalousie: Benalnatura et Guadalmar.","robots":{"index":"index","follow":"follow","max-snippet":"max-snippet:-1","max-image-preview":"max-image-preview:large","max-video-preview":"max-video-preview:-1"},"canonical":"https:\/\/www.fincajohanna.com\/es\/sites-amis\/","og_locale":"es_ES","og_type":"article","og_title":"Sites amis - Chambre d'h\u00f4tes naturiste en Andalousie - Finca johanna","og_description":"Nos sites amis: Ile du Levant. F\u00e9d\u00e9ration espagnole du naturisme, plages naturistes en Andalousie: Benalnatura et Guadalmar.","og_url":"https:\/\/www.fincajohanna.com\/es\/sites-amis\/","og_site_name":"Finca Johanna","article_publisher":"https:\/\/www.facebook.com\/proyecto.malaga.natura?fref=ts","article_modified_time":"2024-11-28T10:51:10+00:00","og_image":[{"width":456,"height":456,"url":"https:\/\/www.fincajohanna.com\/wp-content\/uploads\/2015\/03\/INF_Logo_current.gif","type":"image\/gif"}],"twitter_misc":{"Tiempo de lectura":"5 minutos"},"schema":{"@context":"https:\/\/schema.org","@graph":[{"@type":"WebPage","@id":"https:\/\/www.fincajohanna.com\/es\/sites-amis\/","url":"https:\/\/www.fincajohanna.com\/es\/sites-amis\/","name":"Sites amis - Chambre d'h\u00f4tes naturiste en Andalousie - Finca johanna","isPartOf":{"@id":"https:\/\/www.fincajohanna.com\/de\/#website"},"primaryImageOfPage":{"@id":"https:\/\/www.fincajohanna.com\/es\/sites-amis\/#primaryimage"},"image":{"@id":"https:\/\/www.fincajohanna.com\/es\/sites-amis\/#primaryimage"},"thumbnailUrl":"https:\/\/www.fincajohanna.com\/wp-content\/uploads\/2015\/03\/INF_Logo_current.gif","datePublished":"2015-03-24T14:14:49+00:00","dateModified":"2024-11-28T10:51:10+00:00","description":"Nos sites amis: Ile du Levant. F\u00e9d\u00e9ration espagnole du naturisme, plages naturistes en Andalousie: Benalnatura et Guadalmar.","breadcrumb":{"@id":"https:\/\/www.fincajohanna.com\/es\/sites-amis\/#breadcrumb"},"inLanguage":"es","potentialAction":[{"@type":"ReadAction","target":["https:\/\/www.fincajohanna.com\/es\/sites-amis\/"]}]},{"@type":"ImageObject","inLanguage":"es","@id":"https:\/\/www.fincajohanna.com\/es\/sites-amis\/#primaryimage","url":"https:\/\/www.fincajohanna.com\/wp-content\/uploads\/2015\/03\/INF_Logo_current.gif","contentUrl":"https:\/\/www.fincajohanna.com\/wp-content\/uploads\/2015\/03\/INF_Logo_current.gif"},{"@type":"BreadcrumbList","@id":"https:\/\/www.fincajohanna.com\/es\/sites-amis\/#breadcrumb","itemListElement":[{"@type":"ListItem","position":1,"name":"Accueil","item":"https:\/\/www.fincajohanna.com\/es\/"},{"@type":"ListItem","position":2,"name":"Enlaces"}]},{"@type":"WebSite","@id":"https:\/\/www.fincajohanna.com\/de\/#website","url":"https:\/\/www.fincajohanna.com\/de\/","name":"Finca Johanna","description":"Casa de hu\u00e9spedes naturista en Andaluc\u00eda","publisher":{"@id":"https:\/\/www.fincajohanna.com\/de\/#organization"},"potentialAction":[{"@type":"SearchAction","target":{"@type":"EntryPoint","urlTemplate":"https:\/\/www.fincajohanna.com\/de\/?s={search_term_string}"},"query-input":{"@type":"PropertyValueSpecification","valueRequired":true,"valueName":"search_term_string"}}],"inLanguage":"es"},{"@type":"Organization","@id":"https:\/\/www.fincajohanna.com\/de\/#organization","name":"Finca Johanna","url":"https:\/\/www.fincajohanna.com\/de\/","logo":{"@type":"ImageObject","inLanguage":"es","@id":"https:\/\/www.fincajohanna.com\/de\/#\/schema\/logo\/image\/","url":"https:\/\/www.fincajohanna.com\/wp-content\/uploads\/2020\/04\/cropped-headerO.png","contentUrl":"https:\/\/www.fincajohanna.com\/wp-content\/uploads\/2020\/04\/cropped-headerO.png","width":989,"height":446,"caption":"Finca Johanna"},"image":{"@id":"https:\/\/www.fincajohanna.com\/de\/#\/schema\/logo\/image\/"},"sameAs":["https:\/\/www.facebook.com\/proyecto.malaga.natura?fref=ts","https:\/\/x.com\/fincajohanna"]}]}},"jetpack_sharing_enabled":true,"_links":{"self":[{"href":"https:\/\/www.fincajohanna.com\/es\/wp-json\/wp\/v2\/pages\/3079"}],"collection":[{"href":"https:\/\/www.fincajohanna.com\/es\/wp-json\/wp\/v2\/pages"}],"about":[{"href":"https:\/\/www.fincajohanna.com\/es\/wp-json\/wp\/v2\/types\/page"}],"author":[{"embeddable":true,"href":"https:\/\/www.fincajohanna.com\/es\/wp-json\/wp\/v2\/users\/1"}],"replies":[{"embeddable":true,"href":"https:\/\/www.fincajohanna.com\/es\/wp-json\/wp\/v2\/comments?post=3079"}],"version-history":[{"count":37,"href":"https:\/\/www.fincajohanna.com\/es\/wp-json\/wp\/v2\/pages\/3079\/revisions"}],"predecessor-version":[{"id":9615,"href":"https:\/\/www.fincajohanna.com\/es\/wp-json\/wp\/v2\/pages\/3079\/revisions\/9615"}],"wp:attachment":[{"href":"https:\/\/www.fincajohanna.com\/es\/wp-json\/wp\/v2\/media?parent=3079"}],"curies":[{"name":"wp","href":"https:\/\/api.w.org\/{rel}","templated":true}]}}