{"id":239,"date":"2015-03-24T11:53:05","date_gmt":"2015-03-24T10:53:05","guid":{"rendered":"http:\/\/www.fincajohanna.com\/?page_id=239"},"modified":"2026-02-27T15:59:18","modified_gmt":"2026-02-27T14:59:18","slug":"contacto","status":"publish","type":"page","link":"https:\/\/www.fincajohanna.com\/es\/contacto\/","title":{"rendered":"Contacto"},"content":{"rendered":"\n<p><\/p>\n\n\n<div class=\"wp-block-image\">\n<figure class=\"aligncenter size-large\"><img loading=\"lazy\" decoding=\"async\" width=\"319\" height=\"316\" src=\"https:\/\/www.fincajohanna.com\/wp-content\/uploads\/2017\/01\/tous-les-deux.jpg\" alt=\"Johanna et Laurent - Finca Johanna\" class=\"wp-image-3862\" srcset=\"https:\/\/www.fincajohanna.com\/wp-content\/uploads\/2017\/01\/tous-les-deux.jpg 319w, https:\/\/www.fincajohanna.com\/wp-content\/uploads\/2017\/01\/tous-les-deux-150x150.jpg 150w, https:\/\/www.fincajohanna.com\/wp-content\/uploads\/2017\/01\/tous-les-deux-300x297.jpg 300w\" sizes=\"(max-width: 319px) 100vw, 319px\" \/><figcaption class=\"wp-element-caption\">Johanna y Lorenzo<\/figcaption><\/figure><\/div>\n\n\n<p>Tlf (+34) 692 53 92 36<\/p>\n\n\n\n<p><a href=\"mailto:info@fincajohanna.com\">Contacte con nosotros por correo<\/a><\/p>\n\n\n\n<p><\/p>\n\n\n\n<p class=\"WhatsAppCall\"><a href=\"https:\/\/api.whatsapp.com\/send?phone=34692539236\" target=\"_blank\" rel=\"noreferrer noopener\"><img loading=\"lazy\" decoding=\"async\" width=\"50\" height=\"50\" class=\"wp-image-8128\" style=\"width: 50px;\" src=\"https:\/\/www.fincajohanna.com\/wp-content\/uploads\/2022\/02\/WhatsAppFincaSmall.png\" alt=\"Contact Finca Johanna with WhatsApp\"><\/a>Contactarnos con <a href=\"https:\/\/api.whatsapp.com\/send?phone=34692539236\" target=\"_blank\" rel=\"noreferrer noopener\">WhatsApp<\/a><\/p>\n\n\n\n<p><\/p>\n","protected":false},"excerpt":{"rendered":"<p>Tlf (+34) 692 53 92 36 Contacte con nosotros por correo Contactarnos con WhatsApp<\/p>\n","protected":false},"author":1,"featured_media":0,"parent":0,"menu_order":3,"comment_status":"closed","ping_status":"closed","template":"","meta":{"jetpack_post_was_ever_published":false,"footnotes":""},"yoast_head":"<!-- This site is optimized with the Yoast SEO plugin v24.5 - https:\/\/yoast.com\/wordpress\/plugins\/seo\/ -->\n<title>Contacto - Tel\u00e9fono, direcci\u00f3n, correo el\u00e9ctronico - Finca Johanna<\/title>\n<meta name=\"description\" content=\"Johanna et Laurent Gasparetto, Finca Johanna, Spanbox B26 C.C. La Trocha 3c Co\u00edn, 29100 M\u00e1laga Espa\u00f1a tel.: (+34) 692 53 92 36 info@fincajohanna.com\" \/>\n<meta name=\"robots\" content=\"index, follow, max-snippet:-1, max-image-preview:large, max-video-preview:-1\" \/>\n<link rel=\"canonical\" href=\"https:\/\/www.fincajohanna.com\/es\/contacto\/\" \/>\n<meta property=\"og:locale\" content=\"es_ES\" \/>\n<meta property=\"og:type\" content=\"article\" \/>\n<meta property=\"og:title\" content=\"Contacto - Tel\u00e9fono, direcci\u00f3n, correo el\u00e9ctronico - Finca Johanna\" \/>\n<meta property=\"og:description\" content=\"Johanna et Laurent Gasparetto, Finca Johanna, Spanbox B26 C.C. La Trocha 3c Co\u00edn, 29100 M\u00e1laga Espa\u00f1a tel.: (+34) 692 53 92 36 info@fincajohanna.com\" \/>\n<meta property=\"og:url\" content=\"https:\/\/www.fincajohanna.com\/es\/contacto\/\" \/>\n<meta property=\"og:site_name\" content=\"Finca Johanna\" \/>\n<meta property=\"article:publisher\" content=\"https:\/\/www.facebook.com\/proyecto.malaga.natura?fref=ts\" \/>\n<meta property=\"article:modified_time\" content=\"2026-02-27T14:59:18+00:00\" \/>\n<meta property=\"og:image\" content=\"https:\/\/www.fincajohanna.com\/wp-content\/uploads\/2017\/01\/tous-les-deux.jpg\" \/>\n\t<meta property=\"og:image:width\" content=\"319\" \/>\n\t<meta property=\"og:image:height\" content=\"316\" \/>\n\t<meta property=\"og:image:type\" content=\"image\/jpeg\" \/>\n<meta name=\"twitter:label1\" content=\"Tiempo de lectura\" \/>\n\t<meta name=\"twitter:data1\" content=\"1 minuto\" \/>\n<script type=\"application\/ld+json\" class=\"yoast-schema-graph\">{\"@context\":\"https:\/\/schema.org\",\"@graph\":[{\"@type\":\"WebPage\",\"@id\":\"https:\/\/www.fincajohanna.com\/es\/contacto\/\",\"url\":\"https:\/\/www.fincajohanna.com\/es\/contacto\/\",\"name\":\"Contacto - Tel\u00e9fono, direcci\u00f3n, correo el\u00e9ctronico - Finca Johanna\",\"isPartOf\":{\"@id\":\"https:\/\/www.fincajohanna.com\/de\/#website\"},\"primaryImageOfPage\":{\"@id\":\"https:\/\/www.fincajohanna.com\/es\/contacto\/#primaryimage\"},\"image\":{\"@id\":\"https:\/\/www.fincajohanna.com\/es\/contacto\/#primaryimage\"},\"thumbnailUrl\":\"https:\/\/www.fincajohanna.com\/wp-content\/uploads\/2017\/01\/tous-les-deux.jpg\",\"datePublished\":\"2015-03-24T10:53:05+00:00\",\"dateModified\":\"2026-02-27T14:59:18+00:00\",\"description\":\"Johanna et Laurent Gasparetto, Finca Johanna, Spanbox B26 C.C. La Trocha 3c Co\u00edn, 29100 M\u00e1laga Espa\u00f1a tel.: (+34) 692 53 92 36 info@fincajohanna.com\",\"breadcrumb\":{\"@id\":\"https:\/\/www.fincajohanna.com\/es\/contacto\/#breadcrumb\"},\"inLanguage\":\"es\",\"potentialAction\":[{\"@type\":\"ReadAction\",\"target\":[\"https:\/\/www.fincajohanna.com\/es\/contacto\/\"]}]},{\"@type\":\"ImageObject\",\"inLanguage\":\"es\",\"@id\":\"https:\/\/www.fincajohanna.com\/es\/contacto\/#primaryimage\",\"url\":\"https:\/\/www.fincajohanna.com\/wp-content\/uploads\/2017\/01\/tous-les-deux.jpg\",\"contentUrl\":\"https:\/\/www.fincajohanna.com\/wp-content\/uploads\/2017\/01\/tous-les-deux.jpg\"},{\"@type\":\"BreadcrumbList\",\"@id\":\"https:\/\/www.fincajohanna.com\/es\/contacto\/#breadcrumb\",\"itemListElement\":[{\"@type\":\"ListItem\",\"position\":1,\"name\":\"Accueil\",\"item\":\"https:\/\/www.fincajohanna.com\/es\/\"},{\"@type\":\"ListItem\",\"position\":2,\"name\":\"Contacto\"}]},{\"@type\":\"WebSite\",\"@id\":\"https:\/\/www.fincajohanna.com\/de\/#website\",\"url\":\"https:\/\/www.fincajohanna.com\/de\/\",\"name\":\"Finca Johanna\",\"description\":\"Casa de hu\u00e9spedes naturista en Andaluc\u00eda\",\"publisher\":{\"@id\":\"https:\/\/www.fincajohanna.com\/de\/#organization\"},\"potentialAction\":[{\"@type\":\"SearchAction\",\"target\":{\"@type\":\"EntryPoint\",\"urlTemplate\":\"https:\/\/www.fincajohanna.com\/de\/?s={search_term_string}\"},\"query-input\":{\"@type\":\"PropertyValueSpecification\",\"valueRequired\":true,\"valueName\":\"search_term_string\"}}],\"inLanguage\":\"es\"},{\"@type\":\"Organization\",\"@id\":\"https:\/\/www.fincajohanna.com\/de\/#organization\",\"name\":\"Finca Johanna\",\"url\":\"https:\/\/www.fincajohanna.com\/de\/\",\"logo\":{\"@type\":\"ImageObject\",\"inLanguage\":\"es\",\"@id\":\"https:\/\/www.fincajohanna.com\/de\/#\/schema\/logo\/image\/\",\"url\":\"https:\/\/www.fincajohanna.com\/wp-content\/uploads\/2020\/04\/cropped-headerO.png\",\"contentUrl\":\"https:\/\/www.fincajohanna.com\/wp-content\/uploads\/2020\/04\/cropped-headerO.png\",\"width\":989,\"height\":446,\"caption\":\"Finca Johanna\"},\"image\":{\"@id\":\"https:\/\/www.fincajohanna.com\/de\/#\/schema\/logo\/image\/\"},\"sameAs\":[\"https:\/\/www.facebook.com\/proyecto.malaga.natura?fref=ts\",\"https:\/\/x.com\/fincajohanna\"]}]}<\/script>\n<!-- \/ Yoast SEO plugin. -->","yoast_head_json":{"title":"Contacto - Tel\u00e9fono, direcci\u00f3n, correo el\u00e9ctronico - Finca Johanna","description":"Johanna et Laurent Gasparetto, Finca Johanna, Spanbox B26 C.C. La Trocha 3c Co\u00edn, 29100 M\u00e1laga Espa\u00f1a tel.: (+34) 692 53 92 36 info@fincajohanna.com","robots":{"index":"index","follow":"follow","max-snippet":"max-snippet:-1","max-image-preview":"max-image-preview:large","max-video-preview":"max-video-preview:-1"},"canonical":"https:\/\/www.fincajohanna.com\/es\/contacto\/","og_locale":"es_ES","og_type":"article","og_title":"Contacto - Tel\u00e9fono, direcci\u00f3n, correo el\u00e9ctronico - Finca Johanna","og_description":"Johanna et Laurent Gasparetto, Finca Johanna, Spanbox B26 C.C. La Trocha 3c Co\u00edn, 29100 M\u00e1laga Espa\u00f1a tel.: (+34) 692 53 92 36 info@fincajohanna.com","og_url":"https:\/\/www.fincajohanna.com\/es\/contacto\/","og_site_name":"Finca Johanna","article_publisher":"https:\/\/www.facebook.com\/proyecto.malaga.natura?fref=ts","article_modified_time":"2026-02-27T14:59:18+00:00","og_image":[{"width":319,"height":316,"url":"https:\/\/www.fincajohanna.com\/wp-content\/uploads\/2017\/01\/tous-les-deux.jpg","type":"image\/jpeg"}],"twitter_misc":{"Tiempo de lectura":"1 minuto"},"schema":{"@context":"https:\/\/schema.org","@graph":[{"@type":"WebPage","@id":"https:\/\/www.fincajohanna.com\/es\/contacto\/","url":"https:\/\/www.fincajohanna.com\/es\/contacto\/","name":"Contacto - Tel\u00e9fono, direcci\u00f3n, correo el\u00e9ctronico - Finca Johanna","isPartOf":{"@id":"https:\/\/www.fincajohanna.com\/de\/#website"},"primaryImageOfPage":{"@id":"https:\/\/www.fincajohanna.com\/es\/contacto\/#primaryimage"},"image":{"@id":"https:\/\/www.fincajohanna.com\/es\/contacto\/#primaryimage"},"thumbnailUrl":"https:\/\/www.fincajohanna.com\/wp-content\/uploads\/2017\/01\/tous-les-deux.jpg","datePublished":"2015-03-24T10:53:05+00:00","dateModified":"2026-02-27T14:59:18+00:00","description":"Johanna et Laurent Gasparetto, Finca Johanna, Spanbox B26 C.C. La Trocha 3c Co\u00edn, 29100 M\u00e1laga Espa\u00f1a tel.: (+34) 692 53 92 36 info@fincajohanna.com","breadcrumb":{"@id":"https:\/\/www.fincajohanna.com\/es\/contacto\/#breadcrumb"},"inLanguage":"es","potentialAction":[{"@type":"ReadAction","target":["https:\/\/www.fincajohanna.com\/es\/contacto\/"]}]},{"@type":"ImageObject","inLanguage":"es","@id":"https:\/\/www.fincajohanna.com\/es\/contacto\/#primaryimage","url":"https:\/\/www.fincajohanna.com\/wp-content\/uploads\/2017\/01\/tous-les-deux.jpg","contentUrl":"https:\/\/www.fincajohanna.com\/wp-content\/uploads\/2017\/01\/tous-les-deux.jpg"},{"@type":"BreadcrumbList","@id":"https:\/\/www.fincajohanna.com\/es\/contacto\/#breadcrumb","itemListElement":[{"@type":"ListItem","position":1,"name":"Accueil","item":"https:\/\/www.fincajohanna.com\/es\/"},{"@type":"ListItem","position":2,"name":"Contacto"}]},{"@type":"WebSite","@id":"https:\/\/www.fincajohanna.com\/de\/#website","url":"https:\/\/www.fincajohanna.com\/de\/","name":"Finca Johanna","description":"Casa de hu\u00e9spedes naturista en Andaluc\u00eda","publisher":{"@id":"https:\/\/www.fincajohanna.com\/de\/#organization"},"potentialAction":[{"@type":"SearchAction","target":{"@type":"EntryPoint","urlTemplate":"https:\/\/www.fincajohanna.com\/de\/?s={search_term_string}"},"query-input":{"@type":"PropertyValueSpecification","valueRequired":true,"valueName":"search_term_string"}}],"inLanguage":"es"},{"@type":"Organization","@id":"https:\/\/www.fincajohanna.com\/de\/#organization","name":"Finca Johanna","url":"https:\/\/www.fincajohanna.com\/de\/","logo":{"@type":"ImageObject","inLanguage":"es","@id":"https:\/\/www.fincajohanna.com\/de\/#\/schema\/logo\/image\/","url":"https:\/\/www.fincajohanna.com\/wp-content\/uploads\/2020\/04\/cropped-headerO.png","contentUrl":"https:\/\/www.fincajohanna.com\/wp-content\/uploads\/2020\/04\/cropped-headerO.png","width":989,"height":446,"caption":"Finca Johanna"},"image":{"@id":"https:\/\/www.fincajohanna.com\/de\/#\/schema\/logo\/image\/"},"sameAs":["https:\/\/www.facebook.com\/proyecto.malaga.natura?fref=ts","https:\/\/x.com\/fincajohanna"]}]}},"jetpack_sharing_enabled":true,"_links":{"self":[{"href":"https:\/\/www.fincajohanna.com\/es\/wp-json\/wp\/v2\/pages\/239"}],"collection":[{"href":"https:\/\/www.fincajohanna.com\/es\/wp-json\/wp\/v2\/pages"}],"about":[{"href":"https:\/\/www.fincajohanna.com\/es\/wp-json\/wp\/v2\/types\/page"}],"author":[{"embeddable":true,"href":"https:\/\/www.fincajohanna.com\/es\/wp-json\/wp\/v2\/users\/1"}],"replies":[{"embeddable":true,"href":"https:\/\/www.fincajohanna.com\/es\/wp-json\/wp\/v2\/comments?post=239"}],"version-history":[{"count":34,"href":"https:\/\/www.fincajohanna.com\/es\/wp-json\/wp\/v2\/pages\/239\/revisions"}],"predecessor-version":[{"id":10999,"href":"https:\/\/www.fincajohanna.com\/es\/wp-json\/wp\/v2\/pages\/239\/revisions\/10999"}],"wp:attachment":[{"href":"https:\/\/www.fincajohanna.com\/es\/wp-json\/wp\/v2\/media?parent=239"}],"curies":[{"name":"wp","href":"https:\/\/api.w.org\/{rel}","templated":true}]}}