{"id":142,"date":"2015-03-12T09:07:59","date_gmt":"2015-03-12T08:07:59","guid":{"rendered":"http:\/\/www.fincajohanna.com\/page-d-exemple-2\/"},"modified":"2026-01-17T15:43:11","modified_gmt":"2026-01-17T14:43:11","slug":"unas-vacaciones-naturistas-diferentes-en-andalucia","status":"publish","type":"page","link":"https:\/\/www.fincajohanna.com\/es\/","title":{"rendered":"La Finca Johanna se toma unas vacaciones\u2026 \u00a1nos vemos en 2027 con un nuevo proyecto!"},"content":{"rendered":"\n<div class=\"wp-block-group presentation\"><div class=\"wp-block-group__inner-container is-layout-flow wp-block-group-is-layout-flow\"><div class=\"su-youtube su-u-responsive-media-yes\"><iframe loading=\"lazy\" width=\"600\" height=\"400\" src=\"https:\/\/www.youtube.com\/embed\/Vy6qhsVxqhk?autohide=2&amp;autoplay=1&amp;mute=1&amp;controls=0&amp;fs=1&amp;loop=1&amp;modestbranding=0&amp;playlist=Vy6qhsVxqhk&amp;rel=1&amp;showinfo=1&amp;theme=dark&amp;wmode=&amp;playsinline=0\" frameborder=\"0\" allowfullscreen allow=\"autoplay; encrypted-media; picture-in-picture\" title=\"\"><\/iframe><\/div>\n\n\n<div class=\"su-spoiler su-spoiler-style-default su-spoiler-icon-plus spoilerIntro su-spoiler-closed\" data-scroll-offset=\"0\" data-anchor-in-url=\"no\"><div class=\"su-spoiler-title\" tabindex=\"0\" role=\"button\"><span class=\"su-spoiler-icon\"><\/span>Necesitas un cambio, el sol, un espacio tranquilo y amistoso, lejos de la ciudad d\u00f3nde puedes ser mimado, tomando un refresco en la naturaleza, bajo las palmeras?<\/div><div class=\"su-spoiler-content su-u-clearfix su-u-trim\">\u00a1Ven a descansar y a vivir tus vacaciones naturistas en el coraz\u00f3n de las monta\u00f1as con vista al mar! A 15 minutos del mar y a 20 minutos de las <a title=\"almayate playa\" target=\"_blank\" href=\"https:\/\/naturismo.org\/playas-nudistas\/andalucia\/malaga\/\" rel=\"noopener noreferrer\">playas naturistas<\/a>, encima del pueblo blanco de Iznate, ven a relajarte y a vivir al ritmo andaluz. Sol, paseos, descubrimientos arquitect\u00f3nicos y culturales, fiestas y celebraciones populares y tambi\u00e9n la gastronom\u00eda; tapas, fiambres locales, pescaito, vinos ricos\u2026 O una relajante siesta bajo los \u00e1rboles, en una hamaca en las terrazas bajo la sombra. Disfrutad de un ambiente agradable en la zona de la piscina o en el spa.<\/div><\/div>\n<\/div><\/div>\n\n\n\n<hr class=\"wp-block-separator has-css-opacity is-style-wide\"\/>\n\n\n\n<div class=\"wp-block-group hebergement\"><div class=\"wp-block-group__inner-container is-layout-flow wp-block-group-is-layout-flow\">\n<p class=\"chambres\">Cinco hermosas habitaciones tem\u00e1ticas te esperan. Pero tambi\u00e9n puedes elegir la casita de campo independiente. Los alojamientos est\u00e1n amueblados con camas muy c\u00f3modas, y decoradas con buen gusto para una estancia relajante&#8230;<\/p>\n\n\n\n<p class=\"plus\"><a href=\"https:\/\/www.fincajohanna.com\/es\/alojamiento\/\">m\u00e1s&#8230;<\/a><\/p>\n<\/div><\/div>\n\n\n\n<hr class=\"wp-block-separator is-style-wide\"\/>\n\n\n\n<div class=\"wp-block-group gastronomie\"><div class=\"wp-block-group__inner-container is-layout-flow wp-block-group-is-layout-flow\"><div class=\"su-spoiler su-spoiler-style-default su-spoiler-icon-plus spoilerIntro su-spoiler-closed\" data-scroll-offset=\"0\" data-anchor-in-url=\"no\"><div class=\"su-spoiler-title\" tabindex=\"0\" role=\"button\"><span class=\"su-spoiler-icon\"><\/span>Disfruta del desayuno de la Finca Johanna preparado con productos frescos, de tempora, y con cari\u00f1o.<\/div><div class=\"su-spoiler-content su-u-clearfix su-u-trim\"> Tus vacaciones naturistas no serian perfectas sin este desayuno sustancioso y saludable&#8230; Con mermeladas caseras, fruta del jard\u00edn, boller\u00eda casera reci\u00e9n horneada. Sin olvidar, por supuesto, los jamones y quesos locales, as\u00ed como los sabrosos huevos de nuestras gallinas.<\/div><\/div>\n<\/div><\/div>\n\n\n\n<hr class=\"wp-block-separator is-style-wide\"\/>\n\n\n\n<div class=\"wp-block-group acces\"><div class=\"wp-block-group__inner-container is-layout-flow wp-block-group-is-layout-flow\">\n<figure><iframe loading=\"lazy\" style=\"border: 0;\" src=\"https:\/\/www.google.com\/maps\/embed?pb=!1m18!1m12!1m3!1d1839.8509445268355!2d-4.1852224796494335!3d36.77150791855268!2m3!1f0!2f0!3f0!3m2!1i1024!2i768!4f13.1!3m3!1m2!1s0x0%3A0x0!2zMzbCsDQ2JzE4LjIiTiA0wrAxMScwMC42Ilc!5e1!3m2!1sfr!2ses!4v1518003954314\" width=\"580\" height=\"150\" frameborder=\"0\" allowfullscreen=\"allowfullscreen\"><\/iframe><\/figure>\n\n\n<div class=\"su-spoiler su-spoiler-style-default su-spoiler-icon-plus su-spoiler-closed\" data-scroll-offset=\"0\" data-anchor-in-url=\"no\"><div class=\"su-spoiler-title\" tabindex=\"0\" role=\"button\"><span class=\"su-spoiler-icon\"><\/span>La Finca Johanna se encuentra a 25 minutes al este de M\u00e1laga, encima de  Iznate, hermoso y t\u00edpico pueblo blanco. <\/div><div class=\"su-spoiler-content su-u-clearfix su-u-trim\"> La Finca Johanna se ubica en el coraz\u00f3n de las monta\u00f1as de la Axarqu\u00eda.<br \/>\nEstamos a 10 minutos de la autopista M\u00e1laga-Almer\u00eda.<br \/>\nLa Finca Johanna tiene el privilegio de tener vistas a las monta\u00f1as hacia el norte y vistas al mar hacia el sur.<\/p>\n<p><strong>Parking privado disponible.<\/strong><\/p>\n<p><strong>Estamos a su disposici\u00f3n para cualquier duda, pregunta o sugerencia. No dude en<a href=\"https:\/\/www.fincajohanna.com\/contact\/\"> contactar con nosotros<\/a>\u2026<\/strong><\/div><\/div>\n<\/div><\/div>\n\n\n\n<hr class=\"wp-block-separator is-style-wide\"\/>\n\n\n\n<div class=\"wp-block-group tourisme\"><div class=\"wp-block-group__inner-container is-layout-flow wp-block-group-is-layout-flow\">\n<figure class=\"wp-block-image size-large\"><img loading=\"lazy\" decoding=\"async\" width=\"580\" height=\"150\" src=\"https:\/\/www.fincajohanna.com\/wp-content\/uploads\/2020\/04\/rondaTeaser.jpg\" alt=\"Ronda - Andalusia\" class=\"wp-image-7460\" srcset=\"https:\/\/www.fincajohanna.com\/wp-content\/uploads\/2020\/04\/rondaTeaser.jpg 580w, https:\/\/www.fincajohanna.com\/wp-content\/uploads\/2020\/04\/rondaTeaser-300x78.jpg 300w\" sizes=\"(max-width: 580px) 100vw, 580px\" \/><\/figure>\n\n\n<div class=\"su-spoiler su-spoiler-style-default su-spoiler-icon-plus su-spoiler-closed\" data-scroll-offset=\"0\" data-anchor-in-url=\"no\"><div class=\"su-spoiler-title\" tabindex=\"0\" role=\"button\"><span class=\"su-spoiler-icon\"><\/span>Andaluc\u00eda es una de las regiones m\u00e1s visitadas de Espa\u00f1a, el segundo pa\u00eds para el turismo!<\/div><div class=\"su-spoiler-content su-u-clearfix su-u-trim\">\n<ul>\n<li><strong>La Axarqu\u00eda, tambi\u00e9n llamada&nbsp; <a href=\"https:\/\/www.youtube.com\/watch?v=9xbWyNGEc7c&#038;t=72s&#038;ab_channel=Axarqu%C3%ADaCostadelSol\" target=\"_blank\" rel=\"noopener noreferrer\">Costa Tropical<\/a>, es una comarca andaluza que a\u00fan se conserva de las construcciones masivas de la Costa del Sol. Aqu\u00ed, enclavado entre las monta\u00f1as, se encuentran los famosos pueblos blancos. El mango y el aguacate son los principales cultivos aqu\u00ed, adem\u00e1s de los tradicionales vi\u00f1edos, aceitunas, almendras y c\u00edtricos.<\/strong><\/li>\n<li><strong>Playas a 15 minutes. La playa naturista m\u00e1s cerca est&nbsp;<a href=\"https:\/\/cdn-az.allevents.in\/banners\/c9509424d6b584bbb06d7c632a47efc2\" target=\"_blank\" rel=\"noopener noreferrer\">Almanat<\/a>, a 20 minutos de la finca. Playa grande de arena con dos restaurantes simp\u00e1ticos.<\/strong><\/li>\n<li><strong>Visita tambi\u00e9n&nbsp;<a href=\"https:\/\/www.youtube.com\/watch?v=VZkCTNWk6Fw\" target=\"_blank\" rel=\"noopener noreferrer\">Nerja <\/a>, sus cuevas, el acueducto del \u00c1guila, el balc\u00f3n de Europa. Ruta de senderismo hacia las cascadas del <a href=\"https:\/\/www.youtube.com\/watch?v=3AsT1FNQpbU\" target=\"_blank\" rel=\"noopener noreferrer\">Rio Chillar<\/a>. Adem\u00e1s, no lejos de ah\u00ed podr\u00e9is disfrutar de la <a href=\"https:\/\/www.youtube.com\/watch?v=S_8nMTDLvic\" target=\"_blank\" rel=\"noopener noreferrer\">playa naturista de Cantarrij\u00e1n<\/a>&nbsp;, y tambi\u00e9n admirar la fauna subacu\u00e1tica en las aguas de Maro.<\/strong><\/li>\n<li><strong>Dos rutas de senderismo pasan delante de la finca, para explorar andando las monta\u00f1as del Axarquia.<\/strong><\/li>\n<li><strong>M\u00e1s al oeste, visita <a href=\"https:\/\/www.youtube.com\/watch?v=jm-7De7W6rE\" target=\"_blank\" rel=\"noopener noreferrer\">Mijas<\/a>, aquel hermoso pueblo blanco con sus t\u00edpicos burros taxis, donde vale la pena quedarse un rato en las terrazas.<\/strong><\/li>\n<li><strong><a href=\"https:\/\/www.youtube.com\/watch?v=JzS-jc3pLWA&#038;ab_channel=DroneFilmmakingChannel\" target=\"_blank\" rel=\"noopener noreferrer\">Antequera <\/a>y su gran fortaleza. No te pierdas el magnifico y misterioso&nbsp; <a href=\"https:\/\/www.youtube.com\/watch?v=0kQBPOiPdik\" target=\"_blank\" rel=\"noopener noreferrer\">Parque del Torcal.<\/a><\/strong><\/li>\n<li><strong>Hay tambien <a href=\"https:\/\/www.youtube.com\/watch?v=tdqqiWvfjRo\" target=\"_blank\" rel=\"noopener noreferrer\">el paraje natural del r\u00edo Guadalhorce<\/a>.\n<li><strong>Y sobre todo no te pierdas<a title=\"El Caminito del Rey : el camino m\u00e1s peligroso del Mundo\u2026\" href=\"https:\/\/www.youtube.com\/watch?v=9HJhwenwOf0&#038;ab_channel=CanalSurTurismo\" target=\"_blank\" rel=\"noopener noreferrer\"> Caminito del Rey,<\/a> \u00a1Para los m\u00e1s intr\u00e9pidos!<\/strong><\/li>\n<li><strong><a style=\"font-weight: bold;\" href=\"https:\/\/www.youtube.com\/watch?v=94rH_6aHt9w\" target=\"_blank\" rel=\"noopener noreferrer\">Ronda&nbsp;<\/a>el pueblito blanco encima de la monta\u00f1a, cerca de la <a href=\"https:\/\/www.youtube.com\/watch?v=aRoeCqVvqqk\" target=\"_blank\" rel=\"noopener noreferrer\">Cueva del Gato<\/a> et&nbsp;<a href=\"https:\/\/www.youtube.com\/watch?v=_vuw-BzD4IE\" target=\"_blank\" rel=\"noopener noreferrer\">Setenil <\/a>bajo las rocas.<\/strong><\/li>\n<li><strong>Ir hasta <a href=\"https:\/\/www.youtube.com\/watch?v=HdFoV_hon7U\" target=\"_blank\" rel=\"noopener noreferrer\">Gibraltar<\/a>, para tener la oportunidad de hablar ingl\u00e9s y ver los monos&#8230;<\/strong><\/li>\n<li><strong><a href=\"https:\/\/www.youtube.com\/watch?v=wtdAXhv3yhw\" target=\"_blank\" rel=\"noopener noreferrer\">Tarifa<\/a>, sitio preferido de los surfistas, es muy bonita. Es el pueblo m\u00e1s meridional de Europa!<\/strong><\/li>\n<li><strong>Y por supuesto, no te pierdas las ciudades andaluces ineludibles como <a href=\"https:\/\/www.youtube.com\/watch?v=yYXeUZ3p6uw\" target=\"_blank\" rel=\"noopener noreferrer\">M\u00e1laga, <a href=\"https:\/\/www.youtube.com\/watch?v=yYXeUZ3p6uw\" target=\"_blank\" rel=\"noopener noreferrer\">Sevilla<\/a>&nbsp;<a href=\"https:\/\/www.youtube.com\/watch?v=Us3hTNxtQ18&#038;ab_channel=TurismoCordobaESP\" target=\"noopener noreferrer\" rel=\"noopener\">C\u00f3rdoba <\/a> y&nbsp;<a href=\"https:\/\/www.youtube.com\/watch?v=qlA8mklMdhg&#038;t=37s&#038;ab_channel=RubenyElMundo\" target=\"_blank\" rel=\"noopener noreferrer\">Granada<\/a>.<\/strong><\/li>\n<\/ul>\n<\/div><\/div>\n<\/div><\/div>\n","protected":false},"excerpt":{"rendered":"<p>Cinco hermosas habitaciones tem\u00e1ticas te esperan. Pero tambi\u00e9n puedes elegir la casita de campo independiente. Los alojamientos est\u00e1n amueblados con camas muy c\u00f3modas, y decoradas con buen gusto para una estancia relajante&#8230; m\u00e1s&#8230;<\/p>\n","protected":false},"author":1,"featured_media":0,"parent":0,"menu_order":1,"comment_status":"closed","ping_status":"closed","template":"templates\/template-cover.php","meta":{"jetpack_post_was_ever_published":false,"footnotes":""},"yoast_head":"<!-- This site is optimized with the Yoast SEO plugin v24.5 - https:\/\/yoast.com\/wordpress\/plugins\/seo\/ -->\n<title>Unas vacaciones naturistas diferentes en Andaluc\u00eda<\/title>\n<meta name=\"description\" content=\"\u00bfNecesitas sol, un espacio tranquilo y acogedor, bajo las palmeras? \u00a1Ven a vivir tus vacaciones naturistas en el coraz\u00f3n de las monta\u00f1as!\" \/>\n<meta name=\"robots\" content=\"index, follow, max-snippet:-1, max-image-preview:large, max-video-preview:-1\" \/>\n<link rel=\"canonical\" href=\"https:\/\/www.fincajohanna.com\/es\/\" \/>\n<meta property=\"og:locale\" content=\"es_ES\" \/>\n<meta property=\"og:type\" content=\"article\" \/>\n<meta property=\"og:title\" content=\"Unas vacaciones naturistas diferentes en Andaluc\u00eda\" \/>\n<meta property=\"og:description\" content=\"\u00bfNecesitas sol, un espacio tranquilo y acogedor, bajo las palmeras? \u00a1Ven a vivir tus vacaciones naturistas en el coraz\u00f3n de las monta\u00f1as!\" \/>\n<meta property=\"og:url\" content=\"https:\/\/www.fincajohanna.com\/es\/\" \/>\n<meta property=\"og:site_name\" content=\"Finca Johanna\" \/>\n<meta property=\"article:publisher\" content=\"https:\/\/www.facebook.com\/proyecto.malaga.natura?fref=ts\" \/>\n<meta property=\"article:modified_time\" content=\"2026-01-17T14:43:11+00:00\" \/>\n<meta property=\"og:image\" content=\"https:\/\/www.fincajohanna.com\/wp-content\/uploads\/2020\/04\/rondaTeaser.jpg\" \/>\n\t<meta property=\"og:image:width\" content=\"580\" \/>\n\t<meta property=\"og:image:height\" content=\"150\" \/>\n\t<meta property=\"og:image:type\" content=\"image\/jpeg\" \/>\n<meta name=\"twitter:label1\" content=\"Tiempo de lectura\" \/>\n\t<meta name=\"twitter:data1\" content=\"4 minutos\" \/>\n<script type=\"application\/ld+json\" class=\"yoast-schema-graph\">{\"@context\":\"https:\/\/schema.org\",\"@graph\":[{\"@type\":\"WebPage\",\"@id\":\"https:\/\/www.fincajohanna.com\/es\/\",\"url\":\"https:\/\/www.fincajohanna.com\/es\/\",\"name\":\"Unas vacaciones naturistas diferentes en Andaluc\u00eda\",\"isPartOf\":{\"@id\":\"https:\/\/www.fincajohanna.com\/de\/#website\"},\"primaryImageOfPage\":{\"@id\":\"https:\/\/www.fincajohanna.com\/es\/#primaryimage\"},\"image\":{\"@id\":\"https:\/\/www.fincajohanna.com\/es\/#primaryimage\"},\"thumbnailUrl\":\"https:\/\/www.fincajohanna.com\/wp-content\/uploads\/2020\/04\/rondaTeaser.jpg\",\"datePublished\":\"2015-03-12T08:07:59+00:00\",\"dateModified\":\"2026-01-17T14:43:11+00:00\",\"description\":\"\u00bfNecesitas sol, un espacio tranquilo y acogedor, bajo las palmeras? \u00a1Ven a vivir tus vacaciones naturistas en el coraz\u00f3n de las monta\u00f1as!\",\"breadcrumb\":{\"@id\":\"https:\/\/www.fincajohanna.com\/es\/#breadcrumb\"},\"inLanguage\":\"es\",\"potentialAction\":[{\"@type\":\"ReadAction\",\"target\":[\"https:\/\/www.fincajohanna.com\/es\/\"]}]},{\"@type\":\"ImageObject\",\"inLanguage\":\"es\",\"@id\":\"https:\/\/www.fincajohanna.com\/es\/#primaryimage\",\"url\":\"https:\/\/www.fincajohanna.com\/wp-content\/uploads\/2020\/04\/rondaTeaser.jpg\",\"contentUrl\":\"https:\/\/www.fincajohanna.com\/wp-content\/uploads\/2020\/04\/rondaTeaser.jpg\"},{\"@type\":\"BreadcrumbList\",\"@id\":\"https:\/\/www.fincajohanna.com\/es\/#breadcrumb\",\"itemListElement\":[{\"@type\":\"ListItem\",\"position\":1,\"name\":\"Accueil\",\"item\":\"https:\/\/www.fincajohanna.com\/es\/\"},{\"@type\":\"ListItem\",\"position\":2,\"name\":\"La Finca Johanna se toma unas vacaciones\u2026 \u00a1nos vemos en 2027 con un nuevo proyecto!\"}]},{\"@type\":\"WebSite\",\"@id\":\"https:\/\/www.fincajohanna.com\/de\/#website\",\"url\":\"https:\/\/www.fincajohanna.com\/de\/\",\"name\":\"Finca Johanna\",\"description\":\"Casa de hu\u00e9spedes naturista en Andaluc\u00eda\",\"publisher\":{\"@id\":\"https:\/\/www.fincajohanna.com\/de\/#organization\"},\"potentialAction\":[{\"@type\":\"SearchAction\",\"target\":{\"@type\":\"EntryPoint\",\"urlTemplate\":\"https:\/\/www.fincajohanna.com\/de\/?s={search_term_string}\"},\"query-input\":{\"@type\":\"PropertyValueSpecification\",\"valueRequired\":true,\"valueName\":\"search_term_string\"}}],\"inLanguage\":\"es\"},{\"@type\":\"Organization\",\"@id\":\"https:\/\/www.fincajohanna.com\/de\/#organization\",\"name\":\"Finca Johanna\",\"url\":\"https:\/\/www.fincajohanna.com\/de\/\",\"logo\":{\"@type\":\"ImageObject\",\"inLanguage\":\"es\",\"@id\":\"https:\/\/www.fincajohanna.com\/de\/#\/schema\/logo\/image\/\",\"url\":\"https:\/\/www.fincajohanna.com\/wp-content\/uploads\/2020\/04\/cropped-headerO.png\",\"contentUrl\":\"https:\/\/www.fincajohanna.com\/wp-content\/uploads\/2020\/04\/cropped-headerO.png\",\"width\":989,\"height\":446,\"caption\":\"Finca Johanna\"},\"image\":{\"@id\":\"https:\/\/www.fincajohanna.com\/de\/#\/schema\/logo\/image\/\"},\"sameAs\":[\"https:\/\/www.facebook.com\/proyecto.malaga.natura?fref=ts\",\"https:\/\/x.com\/fincajohanna\"]}]}<\/script>\n<!-- \/ Yoast SEO plugin. -->","yoast_head_json":{"title":"Unas vacaciones naturistas diferentes en Andaluc\u00eda","description":"\u00bfNecesitas sol, un espacio tranquilo y acogedor, bajo las palmeras? \u00a1Ven a vivir tus vacaciones naturistas en el coraz\u00f3n de las monta\u00f1as!","robots":{"index":"index","follow":"follow","max-snippet":"max-snippet:-1","max-image-preview":"max-image-preview:large","max-video-preview":"max-video-preview:-1"},"canonical":"https:\/\/www.fincajohanna.com\/es\/","og_locale":"es_ES","og_type":"article","og_title":"Unas vacaciones naturistas diferentes en Andaluc\u00eda","og_description":"\u00bfNecesitas sol, un espacio tranquilo y acogedor, bajo las palmeras? \u00a1Ven a vivir tus vacaciones naturistas en el coraz\u00f3n de las monta\u00f1as!","og_url":"https:\/\/www.fincajohanna.com\/es\/","og_site_name":"Finca Johanna","article_publisher":"https:\/\/www.facebook.com\/proyecto.malaga.natura?fref=ts","article_modified_time":"2026-01-17T14:43:11+00:00","og_image":[{"width":580,"height":150,"url":"https:\/\/www.fincajohanna.com\/wp-content\/uploads\/2020\/04\/rondaTeaser.jpg","type":"image\/jpeg"}],"twitter_misc":{"Tiempo de lectura":"4 minutos"},"schema":{"@context":"https:\/\/schema.org","@graph":[{"@type":"WebPage","@id":"https:\/\/www.fincajohanna.com\/es\/","url":"https:\/\/www.fincajohanna.com\/es\/","name":"Unas vacaciones naturistas diferentes en Andaluc\u00eda","isPartOf":{"@id":"https:\/\/www.fincajohanna.com\/de\/#website"},"primaryImageOfPage":{"@id":"https:\/\/www.fincajohanna.com\/es\/#primaryimage"},"image":{"@id":"https:\/\/www.fincajohanna.com\/es\/#primaryimage"},"thumbnailUrl":"https:\/\/www.fincajohanna.com\/wp-content\/uploads\/2020\/04\/rondaTeaser.jpg","datePublished":"2015-03-12T08:07:59+00:00","dateModified":"2026-01-17T14:43:11+00:00","description":"\u00bfNecesitas sol, un espacio tranquilo y acogedor, bajo las palmeras? \u00a1Ven a vivir tus vacaciones naturistas en el coraz\u00f3n de las monta\u00f1as!","breadcrumb":{"@id":"https:\/\/www.fincajohanna.com\/es\/#breadcrumb"},"inLanguage":"es","potentialAction":[{"@type":"ReadAction","target":["https:\/\/www.fincajohanna.com\/es\/"]}]},{"@type":"ImageObject","inLanguage":"es","@id":"https:\/\/www.fincajohanna.com\/es\/#primaryimage","url":"https:\/\/www.fincajohanna.com\/wp-content\/uploads\/2020\/04\/rondaTeaser.jpg","contentUrl":"https:\/\/www.fincajohanna.com\/wp-content\/uploads\/2020\/04\/rondaTeaser.jpg"},{"@type":"BreadcrumbList","@id":"https:\/\/www.fincajohanna.com\/es\/#breadcrumb","itemListElement":[{"@type":"ListItem","position":1,"name":"Accueil","item":"https:\/\/www.fincajohanna.com\/es\/"},{"@type":"ListItem","position":2,"name":"La Finca Johanna se toma unas vacaciones\u2026 \u00a1nos vemos en 2027 con un nuevo proyecto!"}]},{"@type":"WebSite","@id":"https:\/\/www.fincajohanna.com\/de\/#website","url":"https:\/\/www.fincajohanna.com\/de\/","name":"Finca Johanna","description":"Casa de hu\u00e9spedes naturista en Andaluc\u00eda","publisher":{"@id":"https:\/\/www.fincajohanna.com\/de\/#organization"},"potentialAction":[{"@type":"SearchAction","target":{"@type":"EntryPoint","urlTemplate":"https:\/\/www.fincajohanna.com\/de\/?s={search_term_string}"},"query-input":{"@type":"PropertyValueSpecification","valueRequired":true,"valueName":"search_term_string"}}],"inLanguage":"es"},{"@type":"Organization","@id":"https:\/\/www.fincajohanna.com\/de\/#organization","name":"Finca Johanna","url":"https:\/\/www.fincajohanna.com\/de\/","logo":{"@type":"ImageObject","inLanguage":"es","@id":"https:\/\/www.fincajohanna.com\/de\/#\/schema\/logo\/image\/","url":"https:\/\/www.fincajohanna.com\/wp-content\/uploads\/2020\/04\/cropped-headerO.png","contentUrl":"https:\/\/www.fincajohanna.com\/wp-content\/uploads\/2020\/04\/cropped-headerO.png","width":989,"height":446,"caption":"Finca Johanna"},"image":{"@id":"https:\/\/www.fincajohanna.com\/de\/#\/schema\/logo\/image\/"},"sameAs":["https:\/\/www.facebook.com\/proyecto.malaga.natura?fref=ts","https:\/\/x.com\/fincajohanna"]}]}},"jetpack_sharing_enabled":true,"_links":{"self":[{"href":"https:\/\/www.fincajohanna.com\/es\/wp-json\/wp\/v2\/pages\/142"}],"collection":[{"href":"https:\/\/www.fincajohanna.com\/es\/wp-json\/wp\/v2\/pages"}],"about":[{"href":"https:\/\/www.fincajohanna.com\/es\/wp-json\/wp\/v2\/types\/page"}],"author":[{"embeddable":true,"href":"https:\/\/www.fincajohanna.com\/es\/wp-json\/wp\/v2\/users\/1"}],"replies":[{"embeddable":true,"href":"https:\/\/www.fincajohanna.com\/es\/wp-json\/wp\/v2\/comments?post=142"}],"version-history":[{"count":129,"href":"https:\/\/www.fincajohanna.com\/es\/wp-json\/wp\/v2\/pages\/142\/revisions"}],"predecessor-version":[{"id":9652,"href":"https:\/\/www.fincajohanna.com\/es\/wp-json\/wp\/v2\/pages\/142\/revisions\/9652"}],"wp:attachment":[{"href":"https:\/\/www.fincajohanna.com\/es\/wp-json\/wp\/v2\/media?parent=142"}],"curies":[{"name":"wp","href":"https:\/\/api.w.org\/{rel}","templated":true}]}}