{"id":4548,"date":"2015-03-12T09:07:59","date_gmt":"2015-03-12T08:07:59","guid":{"rendered":"http:\/\/www.fincajohanna.com\/?page_id=4548\/"},"modified":"2026-01-17T15:48:30","modified_gmt":"2026-01-17T14:48:30","slug":"des-vacances-naturistes-differentes-en-andalousie","status":"publish","type":"page","link":"https:\/\/www.fincajohanna.com\/de\/","title":{"rendered":"Die Finca Johanna macht eine Pause\u2026 wir sehen uns 2027 mit einem neuen Projekt!"},"content":{"rendered":"\n<div class=\"wp-block-group presentation\"><div class=\"wp-block-group__inner-container is-layout-flow wp-block-group-is-layout-flow\"><div class=\"su-youtube su-u-responsive-media-yes\"><iframe loading=\"lazy\" width=\"600\" height=\"400\" src=\"https:\/\/www.youtube.com\/embed\/Vy6qhsVxqhk?autohide=2&amp;autoplay=1&amp;mute=1&amp;controls=0&amp;fs=1&amp;loop=1&amp;modestbranding=0&amp;playlist=Vy6qhsVxqhk&amp;rel=1&amp;showinfo=1&amp;theme=dark&amp;wmode=&amp;playsinline=0\" frameborder=\"0\" allowfullscreen allow=\"autoplay; encrypted-media; picture-in-picture\" title=\"\"><\/iframe><\/div>\n\n\n<div class=\"su-spoiler su-spoiler-style-default su-spoiler-icon-plus spoilerIntro su-spoiler-closed\" data-scroll-offset=\"0\" data-anchor-in-url=\"no\"><div class=\"su-spoiler-title\" tabindex=\"0\" role=\"button\"><span class=\"su-spoiler-icon\"><\/span>Brauchen Sie eine \u00c4nderung, brauchen Sie Sonne, eine ruhige und freundliche Umgebung abseits der Stadt, wo Sie verw\u00f6hnt werden k\u00f6nnen, nippen an einem kleinen frischen Getr\u00e4nknippen, auf dem Land, unter den Palmen?<\/div><div class=\"su-spoiler-content su-u-clearfix su-u-trim\">\nErleben Sie Ihren FKK-Urlaub im Herzen der Berge mit Blick aufs Meer! 15 Minuten vom Meer und 20 Minuten von den  <a title=\"almayate playa\" target=\"_blank\" href=\"https:\/\/naturismo.org\/playas-nudistas\/andalucia\/malaga\/\" rel=\"noopener noreferrer\">FKK-Str\u00e4nden<\/a>, mit Blick auf das wei\u00dfe Dorf Iznate, kommen Sie zur Entspannung und zum Leben im andalusischen Rhythmus. Sonne, Spazierg\u00e4nge, architektonische und kulturelle Entdeckungen, aber auch Tapas, lokale K\u00f6stlichkeiten, gute Weine und Feste oder einfach Faulenzen unter den B\u00e4umen auf einem liegestuhl oder in einer H\u00e4ngematte, auf schattigen Terrassen oder im Whirlpool \u2026<\/p>\n<\/div><\/div>\n<\/div><\/div>\n\n\n\n<hr class=\"wp-block-separator has-css-opacity is-style-wide\"\/>\n\n\n\n<div class=\"wp-block-group hebergement\"><div class=\"wp-block-group__inner-container is-layout-flow wp-block-group-is-layout-flow\">\n<p class=\"chambres\">F\u00fcnf h\u00fcbsche thematische R\u00e4ume sowie zwei unabh\u00e4ngige G\u00eetes warten auf Sie. Bequeme Bettw\u00e4sche und sorgf\u00e4ltige Dekoration f\u00fcr einen gem\u00fctlichen Aufenthalt&#8230;<\/p>\n\n\n\n<p class=\"plus\"><a href=\"https:\/\/www.fincajohanna.com\/de\/ferienhaus-2\/\">mehr&#8230;<\/a><\/p>\n<\/div><\/div>\n\n\n\n<hr class=\"wp-block-separator is-style-wide\"\/>\n\n\n\n<div class=\"wp-block-group gastronomie\"><div class=\"wp-block-group__inner-container is-layout-flow wp-block-group-is-layout-flow\"><div class=\"su-spoiler su-spoiler-style-default su-spoiler-icon-plus spoilerIntro su-spoiler-closed\" data-scroll-offset=\"0\" data-anchor-in-url=\"no\"><div class=\"su-spoiler-title\" tabindex=\"0\" role=\"button\"><span class=\"su-spoiler-icon\"><\/span>Johanna's Tisch wird so oft wie m\u00f6glich mit frischen, saisonalen Produkten aus unserem Garten gedeckt.<\/div><div class=\"su-spoiler-content su-u-clearfix su-u-trim\"> Ihr FKK-Urlaub w\u00e4re nicht perfekt ohne ein Fr\u00fchst\u00fcck der K\u00f6nige mit selbstgemachten Marmeladen, Obst aus dem Garten, selbstgemachte Br\u00f6tchen direkt aus dem Ofen &#8230; Ein kleiner Snack an der Poolbar zu jeder Tageszeit, oder der Finca-Salat,  ein Degustationsmen\u00fc mit Produkten aus der Axarqu\u00eda oder andere liebevoll zusammengestellte Spezialit\u00e4ten. Zwei- bis dreimal pro Woche gibt es festliche Abende mit einem mediterranen Buffet, einer Paella, einer Aioli oder anderen k\u00f6stlichen regionalen Gerichten, um den Abend mit Gesang oder Tanz unter den Sternen zu beenden&#8230;<\/div><\/div>\n<\/div><\/div>\n\n\n\n<hr class=\"wp-block-separator is-style-wide\"\/>\n\n\n\n<div class=\"wp-block-group acces\"><div class=\"wp-block-group__inner-container is-layout-flow wp-block-group-is-layout-flow\">\n<figure><iframe loading=\"lazy\" style=\"border: 0;\" src=\"https:\/\/www.google.com\/maps\/embed?pb=!1m18!1m12!1m3!1d1839.8509445268355!2d-4.1852224796494335!3d36.77150791855268!2m3!1f0!2f0!3f0!3m2!1i1024!2i768!4f13.1!3m3!1m2!1s0x0%3A0x0!2zMzbCsDQ2JzE4LjIiTiA0wrAxMScwMC42Ilc!5e1!3m2!1sfr!2ses!4v1518003954314\" width=\"580\" height=\"150\" frameborder=\"0\" allowfullscreen=\"allowfullscreen\"><\/iframe><\/figure>\n\n\n<div class=\"su-spoiler su-spoiler-style-default su-spoiler-icon-plus su-spoiler-closed\" data-scroll-offset=\"0\" data-anchor-in-url=\"no\"><div class=\"su-spoiler-title\" tabindex=\"0\" role=\"button\"><span class=\"su-spoiler-icon\"><\/span>Die Finca Johanna liegt 25 Minuten \u00f6stlich von M\u00e1laga, mit Blick auf Iznate, ein h\u00fcbsches kleines wei\u00dfes Dorf. Die Fahrt vom Flughafen dauert etwa 35 Minuten. <\/div><div class=\"su-spoiler-content su-u-clearfix su-u-trim\"> Flugzeuge aus 121 Gro\u00dfst\u00e4dten (darunter Direktfl\u00fcge nach Frankfurt, M\u00fcnchen, Lille, Mulhouse-Basel, Paris, Genf, Z\u00fcrich, Stuttgart, D\u00fcsseldorf, Amsterdam, Eindhoven, Rotterdam, Antwerpen, Br\u00fcssel, L\u00fcttich, Ostende-Br\u00fcgge) landen in <a href=\"https:\/\/www.aena.es\/de\/malaga-costa-del-sol.html\" target=\"_blank\" rel=\"noopener noreferrer\"> Internationaler Flughafen Malaga-Torremolinos<\/a>. Zus\u00e4tzlich zu denen der nationalen Fluggesellschaften werden diese Strecken h\u00e4ufig von <a href=\"https:\/\/www.aena.es\/de\/malaga-costa-del-sol\/fluggesellschaften-und-flugziele\/destinationen-vom-flughafen.html\" target=\"_blank\" rel=\"noopener noreferrer\">Billig-Unternehmen<\/a>.<\/strong><br \/>\nAm Flughafen ist es sehr einfach, <a href=\"https:\/\/www.aena.es\/de\/malaga-costa-del-sol\/flughafendienste\/autovermietung.html\" target=\"_blank\" rel=\"noopener noreferrer\">ein Auto zu mieten.<\/a>, unverzichtbar f\u00fcr Ihre Besichtigungstouren, zu sehr g\u00fcnstigen Preisen.<br \/>\n<strong>Privater Parkplatz vorhanden.<\/strong><br \/>\n<strong>Wir sind hier, um Sie zu informieren, z\u00f6gern Sie nicht,<a href=\"https:\/\/www.fincajohanna.com\/contact\/\"> uns zu kontaktieren.<\/a>\u2026<\/strong><\/div><\/div>\n<\/div><\/div>\n\n\n\n<hr class=\"wp-block-separator is-style-wide\"\/>\n\n\n\n<div class=\"wp-block-group tourisme\"><div class=\"wp-block-group__inner-container is-layout-flow wp-block-group-is-layout-flow\">\n<figure class=\"wp-block-image size-large\"><img loading=\"lazy\" decoding=\"async\" width=\"580\" height=\"150\" src=\"https:\/\/www.fincajohanna.com\/wp-content\/uploads\/2020\/04\/rondaTeaser.jpg\" alt=\"Ronda - Andalusia\" class=\"wp-image-7460\" srcset=\"https:\/\/www.fincajohanna.com\/wp-content\/uploads\/2020\/04\/rondaTeaser.jpg 580w, https:\/\/www.fincajohanna.com\/wp-content\/uploads\/2020\/04\/rondaTeaser-300x78.jpg 300w\" sizes=\"(max-width: 580px) 100vw, 580px\" \/><\/figure>\n\n\n<div class=\"su-spoiler su-spoiler-style-default su-spoiler-icon-plus su-spoiler-closed\" data-scroll-offset=\"0\" data-anchor-in-url=\"no\"><div class=\"su-spoiler-title\" tabindex=\"0\" role=\"button\"><span class=\"su-spoiler-icon\"><\/span>Andalusien ist eine der meistbesuchten Regionen Spaniens, das zweitmeist besuchte Land der Welt f\u00fcr den Tourismus!<\/div><div class=\"su-spoiler-content su-u-clearfix su-u-trim\">\n<ul>\n<li><strong>Axarquia, auch&nbsp; <a href=\"https:\/\/www.youtube.com\/watch?v=9xbWyNGEc7c&#038;t=72s&#038;ab_channel=Axarqu%C3%ADaCostadelSol\" target=\"_blank\" rel=\"noopener noreferrer\">Costa Tropical<\/a> genannt, ist eine andalusische Region, die noch von den massiven Bauten der Costa del Sol verschont geblieben ist. Ideal f\u00fcr Ihren FKK-Urlaub! Hier, eingebettet zwischen den Bergen, befinden sich die ber\u00fchmten wei\u00dfen D\u00f6rfer. Mango und Avocado sind hier die Hauptkulturen, zus\u00e4tzlich zu den traditionellen Weinbergen, Oliven, Mandeln und Zitrusfr\u00fcchten.<\/strong><\/li>\n<li><strong>Str\u00e4nde 15 Minuten entfernt. Der n\u00e4chste FKK-Strand ist&nbsp;<a href=\"https:\/\/cdn-az.allevents.in\/banners\/c9509424d6b584bbb06d7c632a47efc2\" target=\"_blank\" rel=\"noopener noreferrer\">Almanat<\/a>, 20 Minuten von der Finca entfernt. Gro\u00dfer Sandstrand mit zwei sch\u00f6nen Restaurants.<\/strong><\/li>\n<li><strong>Besuchen Sie auch&nbsp;<a href=\"https:\/\/www.youtube.com\/watch?v=VZkCTNWk6Fw\" target=\"_blank\" rel=\"noopener noreferrer\">Nerja <\/a>, seine H\u00f6hlen, das Adleraqu\u00e4dukt, der Balkon Europas. Sch\u00f6ne Wanderung zu den Wasserf\u00e4llen des <a href=\"https:\/\/www.youtube.com\/watch?v=3AsT1FNQpbU\" target=\"_blank\" rel=\"noopener noreferrer\">Rio Chillar<\/a>. Nicht weit entfernt k\u00f6nnen Sie au\u00dferdem den <a href=\"https:\/\/www.youtube.com\/watch?v=S_8nMTDLvic\" target=\"_blank\" rel=\"noopener noreferrer\">FKK-Strand von Cantarrij\u00e1n<\/a>&nbsp;, genie\u00dfen, aber auch die Unterwasserfauna in den Gew\u00e4ssern von Maro bewundern.<\/strong><\/li>\n<li><strong>Zwei Wanderwege f\u00fchren vor der Finca vorbei, um die Berge der Axarquia zu Fu\u00df zu erkunden.<\/strong><\/li>\n<li><strong>Weiter westlich besuchen Sie <a href=\"https:\/\/www.youtube.com\/watch?v=jm-7De7W6rE\" target=\"_blank\" rel=\"noopener noreferrer\">Mijas<\/a>, dieses herrliche typische wei\u00dfe Dorf mit seinen traditionellen Eseltaxis, wo man gut auf den Terrassen flanieren kann.<\/strong><\/li>\n<li><strong><a href=\"https:\/\/www.youtube.com\/watch?v=JzS-jc3pLWA&#038;ab_channel=DroneFilmmakingChannel\" target=\"_blank\" rel=\"noopener noreferrer\">Antequera <\/a> und seine Festung. Verpassen Sie nicht den sch\u00f6nen und geheimnisvollen&nbsp;<a href=\"https:\/\/www.youtube.com\/watch?v=0kQBPOiPdik\" target=\"_blank\" rel=\"noopener noreferrer\">Parque del Torcal.<\/a><\/strong><\/li>\n<li><strong>Es gibt auch <a href=\"https:\/\/www.youtube.com\/watch?v=tdqqiWvfjRo\" target=\"_blank\" rel=\"noopener noreferrer\">das Naturschutzgebiet Guadalhorce<\/a>.\n<li><strong>Verpassen Sie nicht den <a title=\"El Caminito del Rey : le chemin le plus dangereux du monde\u2026\" href=\"https:\/\/www.youtube.com\/watch?v=9HJhwenwOf0&#038;ab_channel=CanalSurTurismo\" target=\"_blank\" rel=\"noopener noreferrer\"> Caminito del Rey<\/a>&#8230; reserviert f\u00fcr die K\u00fchnsten! <\/strong><\/li>\n<li><strong>Und dann ist da noch<a style=\"font-weight: bold;\" href=\"https:\/\/www.youtube.com\/watch?v=94rH_6aHt9w\" target=\"_blank\" rel=\"noopener noreferrer\">Ronda&nbsp;<\/a>das wei\u00dfe Dorf hoch oben in der N\u00e4he der <a href=\"https:\/\/www.youtube.com\/watch?v=aRoeCqVvqqk\" target=\"_blank\" rel=\"noopener noreferrer\">Cueva del Gato<\/a> und&nbsp;<a href=\"https:\/\/www.youtube.com\/watch?v=_vuw-BzD4IE\" target=\"_blank\" rel=\"noopener noreferrer\">Setenil <\/a>unter den Felsen.<\/strong><\/li>\n<li><strong>Warum fahren Sie nicht den ganzen Weg nach <a href=\"https:\/\/www.youtube.com\/watch?v=HdFoV_hon7U\" target=\"_blank\" rel=\"noopener noreferrer\">Gibraltar <\/a>, damit Sie Englisch sprechen und die Affen sehen k\u00f6nnen?<\/strong><\/li>\n<li><strong><a href=\"https:\/\/www.youtube.com\/watch?v=wtdAXhv3yhw\" target=\"_blank\" rel=\"noopener noreferrer\">Tarifa<\/a>, die gesegnete Surfer-Ecke, ist sehr h\u00fcbsch. Es ist das s\u00fcdlichste Dorf in Europa!<\/strong><\/li>\n<li><strong>Und nat\u00fcrlich sollten Sie nicht abreisen, ohne die andalusischen St\u00e4dte <a href=\"https:\/\/www.youtube.com\/watch?v=yYXeUZ3p6uw\" target=\"_blank\" rel=\"noopener noreferrer\">Malaga, <a href=\"https:\/\/www.youtube.com\/watch?v=yYXeUZ3p6uw\" target=\"_blank\" rel=\"noopener noreferrer\">Sevilla,<\/a>&nbsp;<a href=\"https:\/\/www.youtube.com\/watch?v=Us3hTNxtQ18&#038;ab_channel=TurismoCordobaESP\" target=\"noopener noreferrer\" rel=\"noopener\">Cordoba<\/a>, und&nbsp;<a href=\"https:\/\/www.youtube.com\/watch?v=qlA8mklMdhg&#038;t=37s&#038;ab_channel=RubenyElMundo\" target=\"_blank\" rel=\"noopener noreferrer\">Granada<\/a> zu besuchen.<\/strong><\/li>\n<\/ul>\n<\/div><\/div>\n<\/div><\/div>\n","protected":false},"excerpt":{"rendered":"<p>F\u00fcnf h\u00fcbsche thematische R\u00e4ume sowie zwei unabh\u00e4ngige G\u00eetes warten auf Sie. Bequeme Bettw\u00e4sche und sorgf\u00e4ltige Dekoration f\u00fcr einen gem\u00fctlichen Aufenthalt&#8230; mehr&#8230;<\/p>\n","protected":false},"author":1,"featured_media":0,"parent":0,"menu_order":1,"comment_status":"closed","ping_status":"closed","template":"templates\/template-cover.php","meta":{"jetpack_post_was_ever_published":false,"footnotes":""},"yoast_head":"<!-- This site is optimized with the Yoast SEO plugin v24.5 - https:\/\/yoast.com\/wordpress\/plugins\/seo\/ -->\n<title>Vivez des vacances naturistes diff\u00e9rentes en Andalousie<\/title>\n<meta name=\"description\" content=\"Besoin de soleil, d\u2019un espace calme et convivial sous les palmiers? Vivez vos vacances naturistes au coeur des montagnes avec vue sur mer!\" \/>\n<meta name=\"robots\" content=\"index, follow, max-snippet:-1, max-image-preview:large, max-video-preview:-1\" \/>\n<link rel=\"canonical\" href=\"https:\/\/www.fincajohanna.com\/de\/\" \/>\n<meta property=\"og:locale\" content=\"de_DE\" \/>\n<meta property=\"og:type\" content=\"article\" \/>\n<meta property=\"og:title\" content=\"Vivez des vacances naturistes diff\u00e9rentes en Andalousie\" \/>\n<meta property=\"og:description\" content=\"Besoin de soleil, d\u2019un espace calme et convivial sous les palmiers? Vivez vos vacances naturistes au coeur des montagnes avec vue sur mer!\" \/>\n<meta property=\"og:url\" content=\"https:\/\/www.fincajohanna.com\/de\/\" \/>\n<meta property=\"og:site_name\" content=\"Finca Johanna\" \/>\n<meta property=\"article:publisher\" content=\"https:\/\/www.facebook.com\/proyecto.malaga.natura?fref=ts\" \/>\n<meta property=\"article:modified_time\" content=\"2026-01-17T14:48:30+00:00\" \/>\n<meta property=\"og:image\" content=\"https:\/\/www.fincajohanna.com\/wp-content\/uploads\/2020\/04\/rondaTeaser.jpg\" \/>\n\t<meta property=\"og:image:width\" content=\"580\" \/>\n\t<meta property=\"og:image:height\" content=\"150\" \/>\n\t<meta property=\"og:image:type\" content=\"image\/jpeg\" \/>\n<meta name=\"twitter:label1\" content=\"Gesch\u00e4tzte Lesezeit\" \/>\n\t<meta name=\"twitter:data1\" content=\"4\u00a0Minuten\" \/>\n<script type=\"application\/ld+json\" class=\"yoast-schema-graph\">{\"@context\":\"https:\/\/schema.org\",\"@graph\":[{\"@type\":\"WebPage\",\"@id\":\"https:\/\/www.fincajohanna.com\/de\/\",\"url\":\"https:\/\/www.fincajohanna.com\/de\/\",\"name\":\"Vivez des vacances naturistes diff\u00e9rentes en Andalousie\",\"isPartOf\":{\"@id\":\"https:\/\/www.fincajohanna.com\/de\/#website\"},\"primaryImageOfPage\":{\"@id\":\"https:\/\/www.fincajohanna.com\/de\/#primaryimage\"},\"image\":{\"@id\":\"https:\/\/www.fincajohanna.com\/de\/#primaryimage\"},\"thumbnailUrl\":\"https:\/\/www.fincajohanna.com\/wp-content\/uploads\/2020\/04\/rondaTeaser.jpg\",\"datePublished\":\"2015-03-12T08:07:59+00:00\",\"dateModified\":\"2026-01-17T14:48:30+00:00\",\"description\":\"Besoin de soleil, d\u2019un espace calme et convivial sous les palmiers? Vivez vos vacances naturistes au coeur des montagnes avec vue sur mer!\",\"breadcrumb\":{\"@id\":\"https:\/\/www.fincajohanna.com\/de\/#breadcrumb\"},\"inLanguage\":\"de\",\"potentialAction\":[{\"@type\":\"ReadAction\",\"target\":[\"https:\/\/www.fincajohanna.com\/de\/\"]}]},{\"@type\":\"ImageObject\",\"inLanguage\":\"de\",\"@id\":\"https:\/\/www.fincajohanna.com\/de\/#primaryimage\",\"url\":\"https:\/\/www.fincajohanna.com\/wp-content\/uploads\/2020\/04\/rondaTeaser.jpg\",\"contentUrl\":\"https:\/\/www.fincajohanna.com\/wp-content\/uploads\/2020\/04\/rondaTeaser.jpg\"},{\"@type\":\"BreadcrumbList\",\"@id\":\"https:\/\/www.fincajohanna.com\/de\/#breadcrumb\",\"itemListElement\":[{\"@type\":\"ListItem\",\"position\":1,\"name\":\"Accueil\",\"item\":\"https:\/\/www.fincajohanna.com\/de\/\"},{\"@type\":\"ListItem\",\"position\":2,\"name\":\"Die Finca Johanna macht eine Pause\u2026 wir sehen uns 2027 mit einem neuen Projekt!\"}]},{\"@type\":\"WebSite\",\"@id\":\"https:\/\/www.fincajohanna.com\/de\/#website\",\"url\":\"https:\/\/www.fincajohanna.com\/de\/\",\"name\":\"Finca Johanna\",\"description\":\"FKK G\u00e4stehaus in Andalusien\",\"publisher\":{\"@id\":\"https:\/\/www.fincajohanna.com\/de\/#organization\"},\"potentialAction\":[{\"@type\":\"SearchAction\",\"target\":{\"@type\":\"EntryPoint\",\"urlTemplate\":\"https:\/\/www.fincajohanna.com\/de\/?s={search_term_string}\"},\"query-input\":{\"@type\":\"PropertyValueSpecification\",\"valueRequired\":true,\"valueName\":\"search_term_string\"}}],\"inLanguage\":\"de\"},{\"@type\":\"Organization\",\"@id\":\"https:\/\/www.fincajohanna.com\/de\/#organization\",\"name\":\"Finca Johanna\",\"url\":\"https:\/\/www.fincajohanna.com\/de\/\",\"logo\":{\"@type\":\"ImageObject\",\"inLanguage\":\"de\",\"@id\":\"https:\/\/www.fincajohanna.com\/de\/#\/schema\/logo\/image\/\",\"url\":\"https:\/\/www.fincajohanna.com\/wp-content\/uploads\/2020\/04\/cropped-headerO.png\",\"contentUrl\":\"https:\/\/www.fincajohanna.com\/wp-content\/uploads\/2020\/04\/cropped-headerO.png\",\"width\":989,\"height\":446,\"caption\":\"Finca Johanna\"},\"image\":{\"@id\":\"https:\/\/www.fincajohanna.com\/de\/#\/schema\/logo\/image\/\"},\"sameAs\":[\"https:\/\/www.facebook.com\/proyecto.malaga.natura?fref=ts\",\"https:\/\/x.com\/fincajohanna\"]}]}<\/script>\n<!-- \/ Yoast SEO plugin. -->","yoast_head_json":{"title":"Vivez des vacances naturistes diff\u00e9rentes en Andalousie","description":"Besoin de soleil, d\u2019un espace calme et convivial sous les palmiers? Vivez vos vacances naturistes au coeur des montagnes avec vue sur mer!","robots":{"index":"index","follow":"follow","max-snippet":"max-snippet:-1","max-image-preview":"max-image-preview:large","max-video-preview":"max-video-preview:-1"},"canonical":"https:\/\/www.fincajohanna.com\/de\/","og_locale":"de_DE","og_type":"article","og_title":"Vivez des vacances naturistes diff\u00e9rentes en Andalousie","og_description":"Besoin de soleil, d\u2019un espace calme et convivial sous les palmiers? Vivez vos vacances naturistes au coeur des montagnes avec vue sur mer!","og_url":"https:\/\/www.fincajohanna.com\/de\/","og_site_name":"Finca Johanna","article_publisher":"https:\/\/www.facebook.com\/proyecto.malaga.natura?fref=ts","article_modified_time":"2026-01-17T14:48:30+00:00","og_image":[{"width":580,"height":150,"url":"https:\/\/www.fincajohanna.com\/wp-content\/uploads\/2020\/04\/rondaTeaser.jpg","type":"image\/jpeg"}],"twitter_misc":{"Gesch\u00e4tzte Lesezeit":"4\u00a0Minuten"},"schema":{"@context":"https:\/\/schema.org","@graph":[{"@type":"WebPage","@id":"https:\/\/www.fincajohanna.com\/de\/","url":"https:\/\/www.fincajohanna.com\/de\/","name":"Vivez des vacances naturistes diff\u00e9rentes en Andalousie","isPartOf":{"@id":"https:\/\/www.fincajohanna.com\/de\/#website"},"primaryImageOfPage":{"@id":"https:\/\/www.fincajohanna.com\/de\/#primaryimage"},"image":{"@id":"https:\/\/www.fincajohanna.com\/de\/#primaryimage"},"thumbnailUrl":"https:\/\/www.fincajohanna.com\/wp-content\/uploads\/2020\/04\/rondaTeaser.jpg","datePublished":"2015-03-12T08:07:59+00:00","dateModified":"2026-01-17T14:48:30+00:00","description":"Besoin de soleil, d\u2019un espace calme et convivial sous les palmiers? Vivez vos vacances naturistes au coeur des montagnes avec vue sur mer!","breadcrumb":{"@id":"https:\/\/www.fincajohanna.com\/de\/#breadcrumb"},"inLanguage":"de","potentialAction":[{"@type":"ReadAction","target":["https:\/\/www.fincajohanna.com\/de\/"]}]},{"@type":"ImageObject","inLanguage":"de","@id":"https:\/\/www.fincajohanna.com\/de\/#primaryimage","url":"https:\/\/www.fincajohanna.com\/wp-content\/uploads\/2020\/04\/rondaTeaser.jpg","contentUrl":"https:\/\/www.fincajohanna.com\/wp-content\/uploads\/2020\/04\/rondaTeaser.jpg"},{"@type":"BreadcrumbList","@id":"https:\/\/www.fincajohanna.com\/de\/#breadcrumb","itemListElement":[{"@type":"ListItem","position":1,"name":"Accueil","item":"https:\/\/www.fincajohanna.com\/de\/"},{"@type":"ListItem","position":2,"name":"Die Finca Johanna macht eine Pause\u2026 wir sehen uns 2027 mit einem neuen Projekt!"}]},{"@type":"WebSite","@id":"https:\/\/www.fincajohanna.com\/de\/#website","url":"https:\/\/www.fincajohanna.com\/de\/","name":"Finca Johanna","description":"FKK G\u00e4stehaus in Andalusien","publisher":{"@id":"https:\/\/www.fincajohanna.com\/de\/#organization"},"potentialAction":[{"@type":"SearchAction","target":{"@type":"EntryPoint","urlTemplate":"https:\/\/www.fincajohanna.com\/de\/?s={search_term_string}"},"query-input":{"@type":"PropertyValueSpecification","valueRequired":true,"valueName":"search_term_string"}}],"inLanguage":"de"},{"@type":"Organization","@id":"https:\/\/www.fincajohanna.com\/de\/#organization","name":"Finca Johanna","url":"https:\/\/www.fincajohanna.com\/de\/","logo":{"@type":"ImageObject","inLanguage":"de","@id":"https:\/\/www.fincajohanna.com\/de\/#\/schema\/logo\/image\/","url":"https:\/\/www.fincajohanna.com\/wp-content\/uploads\/2020\/04\/cropped-headerO.png","contentUrl":"https:\/\/www.fincajohanna.com\/wp-content\/uploads\/2020\/04\/cropped-headerO.png","width":989,"height":446,"caption":"Finca Johanna"},"image":{"@id":"https:\/\/www.fincajohanna.com\/de\/#\/schema\/logo\/image\/"},"sameAs":["https:\/\/www.facebook.com\/proyecto.malaga.natura?fref=ts","https:\/\/x.com\/fincajohanna"]}]}},"jetpack_sharing_enabled":true,"_links":{"self":[{"href":"https:\/\/www.fincajohanna.com\/de\/wp-json\/wp\/v2\/pages\/4548"}],"collection":[{"href":"https:\/\/www.fincajohanna.com\/de\/wp-json\/wp\/v2\/pages"}],"about":[{"href":"https:\/\/www.fincajohanna.com\/de\/wp-json\/wp\/v2\/types\/page"}],"author":[{"embeddable":true,"href":"https:\/\/www.fincajohanna.com\/de\/wp-json\/wp\/v2\/users\/1"}],"replies":[{"embeddable":true,"href":"https:\/\/www.fincajohanna.com\/de\/wp-json\/wp\/v2\/comments?post=4548"}],"version-history":[{"count":66,"href":"https:\/\/www.fincajohanna.com\/de\/wp-json\/wp\/v2\/pages\/4548\/revisions"}],"predecessor-version":[{"id":9654,"href":"https:\/\/www.fincajohanna.com\/de\/wp-json\/wp\/v2\/pages\/4548\/revisions\/9654"}],"wp:attachment":[{"href":"https:\/\/www.fincajohanna.com\/de\/wp-json\/wp\/v2\/media?parent=4548"}],"curies":[{"name":"wp","href":"https:\/\/api.w.org\/{rel}","templated":true}]}}